{"id":3367,"date":"2026-04-18T20:23:51","date_gmt":"2026-04-18T18:23:51","guid":{"rendered":"https:\/\/rubi.com.py\/index.php\/producto\/set-de-destornilladores-de-50-piezas-nhk-293\/"},"modified":"2026-04-18T20:23:58","modified_gmt":"2026-04-18T18:23:58","slug":"set-de-destornilladores-de-50-piezas-nhk-293","status":"publish","type":"product","link":"https:\/\/rubi.com.py\/index.php\/producto\/set-de-destornilladores-de-50-piezas-nhk-293\/","title":{"rendered":"SET DE DESTORNILLADORES DE 50 PIEZAS NHK-293"},"content":{"rendered":"<p>SET DE DESTORNILLADORES DE 50 PIEZAS NHK-293 Caracter\u00edsticas: -Destornilladores M\u00e9tricos SL: 6&#215;38, 5&#215;75, 6&#215;100, 8&#215;150. -Destornilladores M\u00e9tricos PH: PH2x38, PH1x75, PH2x100, PH3x150. -Destornilladores de precisi\u00f3n SL: 2.5&#215;50, 3.0&#215;50, 2.0&#215;50. -Destornilladores precisi\u00f3n PH: PH00x50, PH0x50. -Destornilladores precisi\u00f3n T: T6x50, T8x50, T10x50. -Barra de extensi\u00f3n \/ Portapuntas de 10&#215;75 mm. -Puntas de destornillador: Hexagonal (Allen): H2, H2.5, H3, H3.5, H4, H4.5, H5, H6 \/ Torx: T10, T15, T20, T25, T27, T30, T35, T40 \/ Pozidriv: PZ0, PZ1, PZ2, PZ3 \/ Philips: PH0, PH1, PH2, PH3 \/ Paleta: 3, 4, 5, 6, 7 \/ Cuadrada (Robertson): S1, S2, S3. -Soporte de guardado para el apoyar en el banco \/ mesa de trabajo o para montar en la pared. -Material: S2 y eje CRV6150.<\/p>\n","protected":false},"excerpt":{"rendered":"<p>SET DE DESTORNILLADORES DE 50 PIEZAS NHK-293<\/p>\n","protected":false},"featured_media":3368,"comment_status":"open","ping_status":"closed","template":"","meta":{"_et_pb_use_builder":"","_et_pb_old_content":"","_et_gb_content_width":""},"product_brand":[],"product_cat":[36],"product_tag":[],"class_list":{"0":"post-3367","1":"product","2":"type-product","3":"status-publish","4":"has-post-thumbnail","6":"product_cat-ferreteria","8":"first","9":"instock","10":"shipping-taxable","11":"purchasable","12":"product-type-simple"},"_links":{"self":[{"href":"https:\/\/rubi.com.py\/index.php\/wp-json\/wp\/v2\/product\/3367","targetHints":{"allow":["GET"]}}],"collection":[{"href":"https:\/\/rubi.com.py\/index.php\/wp-json\/wp\/v2\/product"}],"about":[{"href":"https:\/\/rubi.com.py\/index.php\/wp-json\/wp\/v2\/types\/product"}],"replies":[{"embeddable":true,"href":"https:\/\/rubi.com.py\/index.php\/wp-json\/wp\/v2\/comments?post=3367"}],"wp:featuredmedia":[{"embeddable":true,"href":"https:\/\/rubi.com.py\/index.php\/wp-json\/wp\/v2\/media\/3368"}],"wp:attachment":[{"href":"https:\/\/rubi.com.py\/index.php\/wp-json\/wp\/v2\/media?parent=3367"}],"wp:term":[{"taxonomy":"product_brand","embeddable":true,"href":"https:\/\/rubi.com.py\/index.php\/wp-json\/wp\/v2\/product_brand?post=3367"},{"taxonomy":"product_cat","embeddable":true,"href":"https:\/\/rubi.com.py\/index.php\/wp-json\/wp\/v2\/product_cat?post=3367"},{"taxonomy":"product_tag","embeddable":true,"href":"https:\/\/rubi.com.py\/index.php\/wp-json\/wp\/v2\/product_tag?post=3367"}],"curies":[{"name":"wp","href":"https:\/\/api.w.org\/{rel}","templated":true}]}}