{"id":3370,"date":"2026-04-18T20:24:17","date_gmt":"2026-04-18T18:24:17","guid":{"rendered":"https:\/\/rubi.com.py\/index.php\/producto\/inflador-de-ruedas-12v-nhi-294\/"},"modified":"2026-04-18T20:24:17","modified_gmt":"2026-04-18T18:24:17","slug":"inflador-de-ruedas-12v-nhi-294","status":"publish","type":"product","link":"https:\/\/rubi.com.py\/index.php\/producto\/inflador-de-ruedas-12v-nhi-294\/","title":{"rendered":"INFLADOR DE RUEDAS 12V NHI-294"},"content":{"rendered":"<p>INFLADOR DE RUEDAS 12V NHI-294 Caracter\u00edsticas: -Uso vers\u00e1til: Ideal para veh\u00edculos, bicicletas y motocicletas, inflables \/ juguetes, pelotas. -Voltaje: 12V (alimentaci\u00f3n mediante conector de encendedor del autom\u00f3vil). -Potencia: 120W. -Inflado r\u00e1pido. -Presi\u00f3n m\u00e1xima: 150 PSI \/ 10,5 bar. -Tama\u00f1o de la boquilla: 19 mm. -Caudal de aire: 221 l\/min. -Tiempo de carga: 6 minutos (neum\u00e1tico 195\/55R15). -Medidor de presi\u00f3n digital. -Apagado autom\u00e1tico. -L\u00e1mpara Led en la parte superior. -Nivel de ruido: &lt; 85dB. -Dise\u00f1o portable. -Dimensiones: 17,8 x 15 x 4,5 cm. -Largo de los cables: 2,5m. -Accesorios incluidos: 2 conos para boquilla de aire, adaptador de v\u00e1lvula de aguja, fusible (protege el circuito el\u00e9ctrico del compresor y del veh\u00edculo).<\/p>\n","protected":false},"excerpt":{"rendered":"<p>INFLADOR DE RUEDAS 12V NHI-294<\/p>\n","protected":false},"featured_media":3369,"comment_status":"open","ping_status":"closed","template":"","meta":{"_et_pb_use_builder":"","_et_pb_old_content":"","_et_gb_content_width":""},"product_brand":[],"product_cat":[36],"product_tag":[],"class_list":{"0":"post-3370","1":"product","2":"type-product","3":"status-publish","4":"has-post-thumbnail","6":"product_cat-ferreteria","8":"first","9":"instock","10":"shipping-taxable","11":"purchasable","12":"product-type-simple"},"_links":{"self":[{"href":"https:\/\/rubi.com.py\/index.php\/wp-json\/wp\/v2\/product\/3370","targetHints":{"allow":["GET"]}}],"collection":[{"href":"https:\/\/rubi.com.py\/index.php\/wp-json\/wp\/v2\/product"}],"about":[{"href":"https:\/\/rubi.com.py\/index.php\/wp-json\/wp\/v2\/types\/product"}],"replies":[{"embeddable":true,"href":"https:\/\/rubi.com.py\/index.php\/wp-json\/wp\/v2\/comments?post=3370"}],"wp:featuredmedia":[{"embeddable":true,"href":"https:\/\/rubi.com.py\/index.php\/wp-json\/wp\/v2\/media\/3369"}],"wp:attachment":[{"href":"https:\/\/rubi.com.py\/index.php\/wp-json\/wp\/v2\/media?parent=3370"}],"wp:term":[{"taxonomy":"product_brand","embeddable":true,"href":"https:\/\/rubi.com.py\/index.php\/wp-json\/wp\/v2\/product_brand?post=3370"},{"taxonomy":"product_cat","embeddable":true,"href":"https:\/\/rubi.com.py\/index.php\/wp-json\/wp\/v2\/product_cat?post=3370"},{"taxonomy":"product_tag","embeddable":true,"href":"https:\/\/rubi.com.py\/index.php\/wp-json\/wp\/v2\/product_tag?post=3370"}],"curies":[{"name":"wp","href":"https:\/\/api.w.org\/{rel}","templated":true}]}}