{"id":3371,"date":"2026-04-18T20:24:34","date_gmt":"2026-04-18T18:24:34","guid":{"rendered":"https:\/\/rubi.com.py\/index.php\/producto\/radio-am-fm-con-aux-35mm-kolke-kpr-764\/"},"modified":"2026-04-18T20:24:34","modified_gmt":"2026-04-18T18:24:34","slug":"radio-am-fm-con-aux-35mm-kolke-kpr-764","status":"publish","type":"product","link":"https:\/\/rubi.com.py\/index.php\/producto\/radio-am-fm-con-aux-35mm-kolke-kpr-764\/","title":{"rendered":"RADIO AM\/FM CON AUX 3,5MM KOLKE KPR-764"},"content":{"rendered":"<p>RADIO AM\/FM CON AUX 3,5MM KOLKE KPR-764 Caracter\u00edsticas: Radio AM\/FM -Banda de radio FM anal\u00f3gica: 87.5 \u2013 108 -Banda de radio AM: 520 \u2013 1710 -Alta sensibilidad -Antena telesc\u00f3pica -Parlante de 2\u201d -Potencia: 0.5 W RMS -Material: ABS -Conector para auriculares: 3.5 mm -Alimentaci\u00f3n: bater\u00eda DC 3 V (2 pilas AA de 1.5 V -no inclu\u00eddas-)<\/p>\n","protected":false},"excerpt":{"rendered":"<p>RADIO AM\/FM CON AUX 3,5MM KOLKE KPR-764<\/p>\n","protected":false},"featured_media":0,"comment_status":"open","ping_status":"closed","template":"","meta":{"_et_pb_use_builder":"","_et_pb_old_content":"","_et_gb_content_width":""},"product_brand":[],"product_cat":[46],"product_tag":[],"class_list":{"0":"post-3371","1":"product","2":"type-product","3":"status-publish","5":"product_cat-tecnologia","7":"first","8":"instock","9":"shipping-taxable","10":"purchasable","11":"product-type-simple"},"_links":{"self":[{"href":"https:\/\/rubi.com.py\/index.php\/wp-json\/wp\/v2\/product\/3371","targetHints":{"allow":["GET"]}}],"collection":[{"href":"https:\/\/rubi.com.py\/index.php\/wp-json\/wp\/v2\/product"}],"about":[{"href":"https:\/\/rubi.com.py\/index.php\/wp-json\/wp\/v2\/types\/product"}],"replies":[{"embeddable":true,"href":"https:\/\/rubi.com.py\/index.php\/wp-json\/wp\/v2\/comments?post=3371"}],"wp:attachment":[{"href":"https:\/\/rubi.com.py\/index.php\/wp-json\/wp\/v2\/media?parent=3371"}],"wp:term":[{"taxonomy":"product_brand","embeddable":true,"href":"https:\/\/rubi.com.py\/index.php\/wp-json\/wp\/v2\/product_brand?post=3371"},{"taxonomy":"product_cat","embeddable":true,"href":"https:\/\/rubi.com.py\/index.php\/wp-json\/wp\/v2\/product_cat?post=3371"},{"taxonomy":"product_tag","embeddable":true,"href":"https:\/\/rubi.com.py\/index.php\/wp-json\/wp\/v2\/product_tag?post=3371"}],"curies":[{"name":"wp","href":"https:\/\/api.w.org\/{rel}","templated":true}]}}