{"id":3377,"date":"2026-04-18T20:26:30","date_gmt":"2026-04-18T18:26:30","guid":{"rendered":"https:\/\/rubi.com.py\/index.php\/producto\/deshumidificador-de-12l-nappo-nvd-297\/"},"modified":"2026-04-18T20:26:30","modified_gmt":"2026-04-18T18:26:30","slug":"deshumidificador-de-12l-nappo-nvd-297","status":"publish","type":"product","link":"https:\/\/rubi.com.py\/index.php\/producto\/deshumidificador-de-12l-nappo-nvd-297\/","title":{"rendered":"DESHUMIDIFICADOR DE 12L NAPPO NVD-297"},"content":{"rendered":"<p>DESHUMIDIFICADOR DE 12L NAPPO NVD-297 Caracter\u00edsticas: -Capacidad de extracci\u00f3n: 12 L\/d\u00eda, ideal para ambientes de hasta 30 m\u00b2. -4 modos de deshumidificaci\u00f3n: Est\u00e1ndar, d\u00edas lluviosos, dormir y secado de ropa\/textiles. -Velocidades ajustables: 2 niveles (Baja \/ Alta) para mayor control. -Opciones de drenaje: Continuo o tanque extra\u00edble de 3 L. -Panel t\u00e1ctil con timer de hasta 24 horas, apagado autom\u00e1tico y bloqueo para ni\u00f1os. -Potencia y eficiencia: 270 W, refrigerante ecol\u00f3gico R290. -Funcionamiento silencioso: Nivel de ruido de 46 dB. -Dise\u00f1o moderno y compacto, con ruedas integradas para f\u00e1cil movilidad. -Protecci\u00f3n: IP20.<\/p>\n","protected":false},"excerpt":{"rendered":"<p>DESHUMIDIFICADOR DE 12L NAPPO NVD-297<\/p>\n","protected":false},"featured_media":3376,"comment_status":"open","ping_status":"closed","template":"","meta":{"_et_pb_use_builder":"","_et_pb_old_content":"","_et_gb_content_width":""},"product_brand":[],"product_cat":[38],"product_tag":[],"class_list":{"0":"post-3377","1":"product","2":"type-product","3":"status-publish","4":"has-post-thumbnail","6":"product_cat-hogar-y-limpieza","8":"first","9":"instock","10":"shipping-taxable","11":"purchasable","12":"product-type-simple"},"_links":{"self":[{"href":"https:\/\/rubi.com.py\/index.php\/wp-json\/wp\/v2\/product\/3377","targetHints":{"allow":["GET"]}}],"collection":[{"href":"https:\/\/rubi.com.py\/index.php\/wp-json\/wp\/v2\/product"}],"about":[{"href":"https:\/\/rubi.com.py\/index.php\/wp-json\/wp\/v2\/types\/product"}],"replies":[{"embeddable":true,"href":"https:\/\/rubi.com.py\/index.php\/wp-json\/wp\/v2\/comments?post=3377"}],"wp:featuredmedia":[{"embeddable":true,"href":"https:\/\/rubi.com.py\/index.php\/wp-json\/wp\/v2\/media\/3376"}],"wp:attachment":[{"href":"https:\/\/rubi.com.py\/index.php\/wp-json\/wp\/v2\/media?parent=3377"}],"wp:term":[{"taxonomy":"product_brand","embeddable":true,"href":"https:\/\/rubi.com.py\/index.php\/wp-json\/wp\/v2\/product_brand?post=3377"},{"taxonomy":"product_cat","embeddable":true,"href":"https:\/\/rubi.com.py\/index.php\/wp-json\/wp\/v2\/product_cat?post=3377"},{"taxonomy":"product_tag","embeddable":true,"href":"https:\/\/rubi.com.py\/index.php\/wp-json\/wp\/v2\/product_tag?post=3377"}],"curies":[{"name":"wp","href":"https:\/\/api.w.org\/{rel}","templated":true}]}}