{"id":3388,"date":"2026-04-18T20:29:42","date_gmt":"2026-04-18T18:29:42","guid":{"rendered":"https:\/\/rubi.com.py\/index.php\/producto\/inflador-de-cubiertas-nappo-nhi-291\/"},"modified":"2026-04-18T20:29:42","modified_gmt":"2026-04-18T18:29:42","slug":"inflador-de-cubiertas-nappo-nhi-291","status":"publish","type":"product","link":"https:\/\/rubi.com.py\/index.php\/producto\/inflador-de-cubiertas-nappo-nhi-291\/","title":{"rendered":"INFLADOR DE CUBIERTAS NAPPO NHI-291"},"content":{"rendered":"<p>INFLADOR DE CUBIERTAS NAPPO NHI-291 Caracter\u00edsticas: -Inflador de neum\u00e1ticos de 12V\/15A. -Alimentaci\u00f3n mediante bater\u00eda del veh\u00edculo. -Presi\u00f3n maxima: 150 PSI (medidor de lectura hasta 150 PSI). -Potencia: 300 W. -Volumen de inflado: 85 L\/min. -Di\u00e1metro del cilindro: 30 mm x 2 -Incluye: Bolsa de tela, Manguera extensible de resorte, Convertidor de potencia, 3 boquillas de aire multiusos.<\/p>\n","protected":false},"excerpt":{"rendered":"<p>INFLADOR DE CUBIERTAS NAPPO NHI-291<\/p>\n","protected":false},"featured_media":3387,"comment_status":"open","ping_status":"closed","template":"","meta":{"_et_pb_use_builder":"","_et_pb_old_content":"","_et_gb_content_width":""},"product_brand":[],"product_cat":[36],"product_tag":[],"class_list":{"0":"post-3388","1":"product","2":"type-product","3":"status-publish","4":"has-post-thumbnail","6":"product_cat-ferreteria","8":"first","9":"instock","10":"shipping-taxable","11":"purchasable","12":"product-type-simple"},"_links":{"self":[{"href":"https:\/\/rubi.com.py\/index.php\/wp-json\/wp\/v2\/product\/3388","targetHints":{"allow":["GET"]}}],"collection":[{"href":"https:\/\/rubi.com.py\/index.php\/wp-json\/wp\/v2\/product"}],"about":[{"href":"https:\/\/rubi.com.py\/index.php\/wp-json\/wp\/v2\/types\/product"}],"replies":[{"embeddable":true,"href":"https:\/\/rubi.com.py\/index.php\/wp-json\/wp\/v2\/comments?post=3388"}],"wp:featuredmedia":[{"embeddable":true,"href":"https:\/\/rubi.com.py\/index.php\/wp-json\/wp\/v2\/media\/3387"}],"wp:attachment":[{"href":"https:\/\/rubi.com.py\/index.php\/wp-json\/wp\/v2\/media?parent=3388"}],"wp:term":[{"taxonomy":"product_brand","embeddable":true,"href":"https:\/\/rubi.com.py\/index.php\/wp-json\/wp\/v2\/product_brand?post=3388"},{"taxonomy":"product_cat","embeddable":true,"href":"https:\/\/rubi.com.py\/index.php\/wp-json\/wp\/v2\/product_cat?post=3388"},{"taxonomy":"product_tag","embeddable":true,"href":"https:\/\/rubi.com.py\/index.php\/wp-json\/wp\/v2\/product_tag?post=3388"}],"curies":[{"name":"wp","href":"https:\/\/api.w.org\/{rel}","templated":true}]}}