{"id":3390,"date":"2026-04-18T20:30:07","date_gmt":"2026-04-18T18:30:07","guid":{"rendered":"https:\/\/rubi.com.py\/index.php\/producto\/sintonizador-de-tv-digital-isbd-t-kvv-754\/"},"modified":"2026-04-18T20:30:07","modified_gmt":"2026-04-18T18:30:07","slug":"sintonizador-de-tv-digital-isbd-t-kvv-754","status":"publish","type":"product","link":"https:\/\/rubi.com.py\/index.php\/producto\/sintonizador-de-tv-digital-isbd-t-kvv-754\/","title":{"rendered":"SINTONIZADOR DE TV DIGITAL ISBD-T KVV-754"},"content":{"rendered":"<p>SINTONIZADOR DE TV DIGITAL ISBD-T KVV-754 Caracter\u00edsticas: -Sintonizador de TV -Norma digital: ISDB-T -Compatibilidad regional: Uruguay, Paraguay, Argentina, Brasil, Chile, Per\u00fa y otros. -Funciones: Interfaz 3D, Teletexto, Subt\u00edtulos, Multiidioma, EPG y teletexto VBI. -Panel frontal: Pantalla LED digital, USB 2.0, botones Power -Conexiones: Antena (IEC169-2), Bucle RF (IEC169-24), HDMI 1.3\/1.4, Coaxial, Audio, Video. -Memoria: DDR2 32\u00d716 Mb, Frecuencia 1066, Flash 32 MB. -Ancho de banda: 6 MHz. -Resoluciones de salida: 480i\/p, 576i\/p, 720p, 1080i\/p. -Formatos de video: MPEG-2, MPEG-4, H.264 (hasta Full HD 25 Mbps). -Audio: MPEG, MP3, AC-3, AAC, WMA, HE-AAC 5.1; est\u00e9reo y envolvente. -C\u00f3decs multimedia: AVI, MPG, DAT, VOB, DIV, MOV, MKV, JPEG, TS. -C\u00f3decs audio: WMA, MP3, AAC (.wma, .mp3, .m4a).<\/p>\n","protected":false},"excerpt":{"rendered":"<p>SINTONIZADOR DE TV DIGITAL ISBD-T KVV-754<\/p>\n","protected":false},"featured_media":3389,"comment_status":"open","ping_status":"closed","template":"","meta":{"_et_pb_use_builder":"","_et_pb_old_content":"","_et_gb_content_width":""},"product_brand":[],"product_cat":[46],"product_tag":[],"class_list":{"0":"post-3390","1":"product","2":"type-product","3":"status-publish","4":"has-post-thumbnail","6":"product_cat-tecnologia","8":"first","9":"instock","10":"shipping-taxable","11":"purchasable","12":"product-type-simple"},"_links":{"self":[{"href":"https:\/\/rubi.com.py\/index.php\/wp-json\/wp\/v2\/product\/3390","targetHints":{"allow":["GET"]}}],"collection":[{"href":"https:\/\/rubi.com.py\/index.php\/wp-json\/wp\/v2\/product"}],"about":[{"href":"https:\/\/rubi.com.py\/index.php\/wp-json\/wp\/v2\/types\/product"}],"replies":[{"embeddable":true,"href":"https:\/\/rubi.com.py\/index.php\/wp-json\/wp\/v2\/comments?post=3390"}],"wp:featuredmedia":[{"embeddable":true,"href":"https:\/\/rubi.com.py\/index.php\/wp-json\/wp\/v2\/media\/3389"}],"wp:attachment":[{"href":"https:\/\/rubi.com.py\/index.php\/wp-json\/wp\/v2\/media?parent=3390"}],"wp:term":[{"taxonomy":"product_brand","embeddable":true,"href":"https:\/\/rubi.com.py\/index.php\/wp-json\/wp\/v2\/product_brand?post=3390"},{"taxonomy":"product_cat","embeddable":true,"href":"https:\/\/rubi.com.py\/index.php\/wp-json\/wp\/v2\/product_cat?post=3390"},{"taxonomy":"product_tag","embeddable":true,"href":"https:\/\/rubi.com.py\/index.php\/wp-json\/wp\/v2\/product_tag?post=3390"}],"curies":[{"name":"wp","href":"https:\/\/api.w.org\/{rel}","templated":true}]}}