{"id":3391,"date":"2026-04-18T20:30:29","date_gmt":"2026-04-18T18:30:29","guid":{"rendered":"https:\/\/rubi.com.py\/index.php\/producto\/sandwichera-grill-cuadruple-nappo-neg-292\/"},"modified":"2026-04-18T20:30:29","modified_gmt":"2026-04-18T18:30:29","slug":"sandwichera-grill-cuadruple-nappo-neg-292","status":"publish","type":"product","link":"https:\/\/rubi.com.py\/index.php\/producto\/sandwichera-grill-cuadruple-nappo-neg-292\/","title":{"rendered":"SANDWICHERA GRILL CUADRUPLE NAPPO NEG-292"},"content":{"rendered":"<p>SANDWICHERA GRILL CUADRUPLE NAPPO NEG-292 Caracter\u00edsticas: -Dise\u00f1o simple, moderno y elegante -Sandwichera cuadruple -Carcasa de acero inoxidable -Superficie de cocci\u00f3n con revestimiento antiadherente: F\u00e1cil de limpiar -Apertura 90\u00b0 y 180\u00b0 (para cocci\u00f3n por ambos lados) -Sistema de bisagra flotante: Se adapta a diferentes tama\u00f1os de alimentos -Control de temperatura ajustable entre Min 85\u00b0C y Max227\u00b0c -Luz indicadora de encendido y calentamiento -Bandeja de goteo extra\u00edble para mayor limpieza -Mango fr\u00edo al tacto. seguro de usar -Pies antideslizantes para evitar movimientos -Placa de parrilla -Dimensiones de la placa: 29x23cm -Dimensiones del producto: 34,7x32x3x12cm -Potencia: 1800w -Alimentaci\u00f3n: 220\/240V-50\/60Hz<\/p>\n","protected":false},"excerpt":{"rendered":"<p>SANDWICHERA GRILL CUADRUPLE NAPPO NEG-292<\/p>\n","protected":false},"featured_media":0,"comment_status":"open","ping_status":"closed","template":"","meta":{"_et_pb_use_builder":"","_et_pb_old_content":"","_et_gb_content_width":""},"product_brand":[],"product_cat":[33],"product_tag":[],"class_list":{"0":"post-3391","1":"product","2":"type-product","3":"status-publish","5":"product_cat-cocina-y-comedor","7":"first","8":"instock","9":"shipping-taxable","10":"purchasable","11":"product-type-simple"},"_links":{"self":[{"href":"https:\/\/rubi.com.py\/index.php\/wp-json\/wp\/v2\/product\/3391","targetHints":{"allow":["GET"]}}],"collection":[{"href":"https:\/\/rubi.com.py\/index.php\/wp-json\/wp\/v2\/product"}],"about":[{"href":"https:\/\/rubi.com.py\/index.php\/wp-json\/wp\/v2\/types\/product"}],"replies":[{"embeddable":true,"href":"https:\/\/rubi.com.py\/index.php\/wp-json\/wp\/v2\/comments?post=3391"}],"wp:attachment":[{"href":"https:\/\/rubi.com.py\/index.php\/wp-json\/wp\/v2\/media?parent=3391"}],"wp:term":[{"taxonomy":"product_brand","embeddable":true,"href":"https:\/\/rubi.com.py\/index.php\/wp-json\/wp\/v2\/product_brand?post=3391"},{"taxonomy":"product_cat","embeddable":true,"href":"https:\/\/rubi.com.py\/index.php\/wp-json\/wp\/v2\/product_cat?post=3391"},{"taxonomy":"product_tag","embeddable":true,"href":"https:\/\/rubi.com.py\/index.php\/wp-json\/wp\/v2\/product_tag?post=3391"}],"curies":[{"name":"wp","href":"https:\/\/api.w.org\/{rel}","templated":true}]}}