{"id":3393,"date":"2026-04-18T20:32:37","date_gmt":"2026-04-18T18:32:37","guid":{"rendered":"https:\/\/rubi.com.py\/index.php\/producto\/kit-nvr-kolke-kuk-601x-8ch-4pcs-2mp-hd-full-color\/"},"modified":"2026-04-18T20:32:37","modified_gmt":"2026-04-18T18:32:37","slug":"kit-nvr-kolke-kuk-601x-8ch-4pcs-2mp-hd-full-color","status":"publish","type":"product","link":"https:\/\/rubi.com.py\/index.php\/producto\/kit-nvr-kolke-kuk-601x-8ch-4pcs-2mp-hd-full-color\/","title":{"rendered":"KIT NVR KOLKE KUK-601X 8CH 4PCS 2MP HD FULL COLOR"},"content":{"rendered":"<p>KIT NVR KOLKE KUK-601X 8CH 4PCS 2MP HD FULL COLOR Caracter\u00edsticas: \u00b7 Kit WiFi (Tarjeta de red inal\u00e1mbrica incorporada): Se\u00f1al estable, fuerte capacidad anti-interferencias. \u00b7 Imagen de 2.0MP. \u00b7 NVR de 8 canales con 4 c\u00e1maras. \u00b7 Sensor de movimiento humano, detecci\u00f3n de movimiento regional, informaci\u00f3n de alarma de empuje en tiempo real. \u00b7 Admite tel\u00e9fonos m\u00f3viles, monitoreo remoto multicanal desde PC, para poder visualizar en cualquier momento y en cualquier lugar. \u00b7 Monitoreo desde el celular con App Tuya* (para Android o iOS). \u00b7 Waterproof IP66. \u00b7 F\u00e1cil conexi\u00f3n e instalaci\u00f3n. \u00b7 Kit de instalaci\u00f3n incluido. \u00b7 El Kit incluye: &#8211; 4 c\u00e1maras. &#8211; 1 NVR 1080P de 8 canales. &#8211; 1 Adaptador de corriente 12V &#8211; 2A. &#8211; 4 Adaptadores de corriente 12V &#8211; 1A. &#8211; 1 Mouse. &#8211; 4 paquetes de tornillos. &#8211; Manuales y Gu\u00edas de instalaci\u00f3n \u00b7 Especificaciones C\u00e1maras &#8211; 4 c\u00e1maras WiFi. &#8211; Resoluci\u00f3n 2MP \/ Full HD 1080P 1920&#215;1080\/18fps. &#8211; 2 Luces Led c\u00e1lidas. &#8211; Lente fijo de 3.6mm. &#8211; C\u00f3digo de v\u00eddeo: H.264x. &#8211; Protecci\u00f3n: IP66. &#8211; Fuente de alimentaci\u00f3n: 12V \/ 1A. \u00b7 Especificaciones NVR &#8211; Procesador: FH6810E. &#8211; Entrada de video y audio: 8 canales. &#8211; Compresi\u00f3n de audio\/video: H.264\/H.265 &#8211; Est\u00e1ndar de compresi\u00f3n de video m\u00e1s eficiente (misma calidad menos espacio). &#8211; Compresi\u00f3n de audio: G711A. &#8211; Salida VGA: 1920&#215;1080, 1280&#215;1024, 1280&#215;720, 1024&#215;768. &#8211; Salida HDMI: 1920&#215;1080, 1280&#215;1024?1280&#215;720?1024&#215;768 (compatible salida de audio). &#8211; Salida de audio: Interfaz de auriculares 1&#215;3.5mm. &#8211; Conexiones: HDMI, 1 VGA, 1 Audio, 1 Lan, 2 USB 2.0, 1 DC 12V. &#8211; Modo de grabaci\u00f3n: Manual, Programable, Detecci\u00f3n de movimiento. &#8211; Playback \/ Playback Remoto: 4 canales 1080P al mismo tiempo. &#8211; B\u00fasqueda de video: por tiempo, por fecha, por evento, por canal. &#8211; Copia de seguridad: Soporta disco USB HDD\/U, 2 USB 2.0. &#8211; Formato de archivo de copia de seguridad DAV\/AVI. &#8211; Conexi\u00f3n remota: Compatible con IOS (Xvreye), Android (XvreyePro), TUYA. &#8211; Almacenamiento: Disco duro SATA HDD hasta 10TB (no incluido). &#8211; Network: 1 RJ45 10m\/100m Ethernet y Tarjeta de red inal\u00e1mbrica. &#8211; Sistema operativo: Linux. &#8211; Protocolo de red: TCP\/IP, HTTP, DHCP, PPPOE, DNS, DDNS, FTP, NTP, SMTP, RTSP, UPNP. &#8211; Antena: 2 x 2.4G. &#8211; Fuente de alimentaci\u00f3n: 12V \/ 2A. * Nota: Para hcer uso del producto el usuario debe crearse una cuenta y logearse desde la cuenta creada.<\/p>\n","protected":false},"excerpt":{"rendered":"<p>KIT NVR KOLKE KUK-601X 8CH 4PCS 2MP HD FULL COLOR<\/p>\n","protected":false},"featured_media":0,"comment_status":"open","ping_status":"closed","template":"","meta":{"_et_pb_use_builder":"","_et_pb_old_content":"","_et_gb_content_width":""},"product_brand":[],"product_cat":[46],"product_tag":[],"class_list":{"0":"post-3393","1":"product","2":"type-product","3":"status-publish","5":"product_cat-tecnologia","7":"first","8":"instock","9":"shipping-taxable","10":"purchasable","11":"product-type-simple"},"_links":{"self":[{"href":"https:\/\/rubi.com.py\/index.php\/wp-json\/wp\/v2\/product\/3393","targetHints":{"allow":["GET"]}}],"collection":[{"href":"https:\/\/rubi.com.py\/index.php\/wp-json\/wp\/v2\/product"}],"about":[{"href":"https:\/\/rubi.com.py\/index.php\/wp-json\/wp\/v2\/types\/product"}],"replies":[{"embeddable":true,"href":"https:\/\/rubi.com.py\/index.php\/wp-json\/wp\/v2\/comments?post=3393"}],"wp:attachment":[{"href":"https:\/\/rubi.com.py\/index.php\/wp-json\/wp\/v2\/media?parent=3393"}],"wp:term":[{"taxonomy":"product_brand","embeddable":true,"href":"https:\/\/rubi.com.py\/index.php\/wp-json\/wp\/v2\/product_brand?post=3393"},{"taxonomy":"product_cat","embeddable":true,"href":"https:\/\/rubi.com.py\/index.php\/wp-json\/wp\/v2\/product_cat?post=3393"},{"taxonomy":"product_tag","embeddable":true,"href":"https:\/\/rubi.com.py\/index.php\/wp-json\/wp\/v2\/product_tag?post=3393"}],"curies":[{"name":"wp","href":"https:\/\/api.w.org\/{rel}","templated":true}]}}