{"id":3403,"date":"2026-04-18T20:35:07","date_gmt":"2026-04-18T18:35:07","guid":{"rendered":"https:\/\/rubi.com.py\/index.php\/producto\/maquina-de-coser-multifuncion-nappo-nesw-284\/"},"modified":"2026-04-18T20:35:07","modified_gmt":"2026-04-18T18:35:07","slug":"maquina-de-coser-multifuncion-nappo-nesw-284","status":"publish","type":"product","link":"https:\/\/rubi.com.py\/index.php\/producto\/maquina-de-coser-multifuncion-nappo-nesw-284\/","title":{"rendered":"MAQUINA DE COSER MULTIFUNCION NAPPO NESW-284"},"content":{"rendered":"<p>MAQUINA DE COSER MULTIFUNCION NAPPO NESW-284 Caracter\u00edsticas: Velocidad ajustable (alta o baja). 12 patrones de puntada: Rectas, Decorativas, Ojal de 4 pasos, Zigzag. Costura de hilo doble. Iluminaci\u00f3n LED. Costura hacia adelante y hacia atr\u00e1s. Longitud y tensi\u00f3n de puntada ajustable. Interruptor manual o pedal. Caj\u00f3n de guardado. Cortador de hilo exclusivo. Funciona con un adaptador de corriente o con pilas AA. Incluye: Adaptador, pedal, carretes de hilo, bobinas, aguja, enhebrador de aguja.<\/p>\n","protected":false},"excerpt":{"rendered":"<p>MAQUINA DE COSER MULTIFUNCION NAPPO NESW-284<\/p>\n","protected":false},"featured_media":3402,"comment_status":"open","ping_status":"closed","template":"","meta":{"_et_pb_use_builder":"","_et_pb_old_content":"","_et_gb_content_width":""},"product_brand":[],"product_cat":[38,41],"product_tag":[],"class_list":{"0":"post-3403","1":"product","2":"type-product","3":"status-publish","4":"has-post-thumbnail","6":"product_cat-hogar-y-limpieza","7":"product_cat-lavado-y-cuidado-de-prendas","9":"first","10":"instock","11":"shipping-taxable","12":"purchasable","13":"product-type-simple"},"_links":{"self":[{"href":"https:\/\/rubi.com.py\/index.php\/wp-json\/wp\/v2\/product\/3403","targetHints":{"allow":["GET"]}}],"collection":[{"href":"https:\/\/rubi.com.py\/index.php\/wp-json\/wp\/v2\/product"}],"about":[{"href":"https:\/\/rubi.com.py\/index.php\/wp-json\/wp\/v2\/types\/product"}],"replies":[{"embeddable":true,"href":"https:\/\/rubi.com.py\/index.php\/wp-json\/wp\/v2\/comments?post=3403"}],"wp:featuredmedia":[{"embeddable":true,"href":"https:\/\/rubi.com.py\/index.php\/wp-json\/wp\/v2\/media\/3402"}],"wp:attachment":[{"href":"https:\/\/rubi.com.py\/index.php\/wp-json\/wp\/v2\/media?parent=3403"}],"wp:term":[{"taxonomy":"product_brand","embeddable":true,"href":"https:\/\/rubi.com.py\/index.php\/wp-json\/wp\/v2\/product_brand?post=3403"},{"taxonomy":"product_cat","embeddable":true,"href":"https:\/\/rubi.com.py\/index.php\/wp-json\/wp\/v2\/product_cat?post=3403"},{"taxonomy":"product_tag","embeddable":true,"href":"https:\/\/rubi.com.py\/index.php\/wp-json\/wp\/v2\/product_tag?post=3403"}],"curies":[{"name":"wp","href":"https:\/\/api.w.org\/{rel}","templated":true}]}}