{"id":3406,"date":"2026-04-18T20:35:42","date_gmt":"2026-04-18T18:35:42","guid":{"rendered":"https:\/\/rubi.com.py\/index.php\/producto\/sistema-de-2-microfonos-uhf-con-2-canales-kolke-kpi-750\/"},"modified":"2026-04-18T20:35:42","modified_gmt":"2026-04-18T18:35:42","slug":"sistema-de-2-microfonos-uhf-con-2-canales-kolke-kpi-750","status":"publish","type":"product","link":"https:\/\/rubi.com.py\/index.php\/producto\/sistema-de-2-microfonos-uhf-con-2-canales-kolke-kpi-750\/","title":{"rendered":"SISTEMA DE 2 MICROFONOS UHF CON 2 CANALES KOLKE KPI-750"},"content":{"rendered":"<p>SISTEMA DE 2 MICROFONOS UHF CON 2 CANALES KOLKE KPI-750 Caracter\u00edsticas: -Sistema UHF de 2 canales con transmisi\u00f3n UI IF. -Mayor alcance, estabilidad y sonido profesional con bajo ruido. -Dos micr\u00f3fonos din\u00e1micos con cabezal met\u00e1lico, recargables por USB-C. -30 frecuencias por micr\u00f3fono (60 en total) para m\u00e1xima claridad. -Alcance de hasta 50 m. -Receptor con pantalla LED y salidas: 2 XLR + 1 MIX (6,35 mm). -Alimentaci\u00f3n del receptor: 12V\/500 mA. -Frecuencia: 630 \u2013 690 MHz | Respuesta: 40 Hz \u2013 18 KHz. -Incluye accesorios: anillos antideslizantes, cargadores y cables.<\/p>\n","protected":false},"excerpt":{"rendered":"<p>SISTEMA DE 2 MICROFONOS UHF CON 2 CANALES KOLKE KPI-750<\/p>\n","protected":false},"featured_media":3405,"comment_status":"open","ping_status":"closed","template":"","meta":{"_et_pb_use_builder":"","_et_pb_old_content":"","_et_gb_content_width":""},"product_brand":[],"product_cat":[46],"product_tag":[],"class_list":{"0":"post-3406","1":"product","2":"type-product","3":"status-publish","4":"has-post-thumbnail","6":"product_cat-tecnologia","8":"first","9":"instock","10":"shipping-taxable","11":"purchasable","12":"product-type-simple"},"_links":{"self":[{"href":"https:\/\/rubi.com.py\/index.php\/wp-json\/wp\/v2\/product\/3406","targetHints":{"allow":["GET"]}}],"collection":[{"href":"https:\/\/rubi.com.py\/index.php\/wp-json\/wp\/v2\/product"}],"about":[{"href":"https:\/\/rubi.com.py\/index.php\/wp-json\/wp\/v2\/types\/product"}],"replies":[{"embeddable":true,"href":"https:\/\/rubi.com.py\/index.php\/wp-json\/wp\/v2\/comments?post=3406"}],"wp:featuredmedia":[{"embeddable":true,"href":"https:\/\/rubi.com.py\/index.php\/wp-json\/wp\/v2\/media\/3405"}],"wp:attachment":[{"href":"https:\/\/rubi.com.py\/index.php\/wp-json\/wp\/v2\/media?parent=3406"}],"wp:term":[{"taxonomy":"product_brand","embeddable":true,"href":"https:\/\/rubi.com.py\/index.php\/wp-json\/wp\/v2\/product_brand?post=3406"},{"taxonomy":"product_cat","embeddable":true,"href":"https:\/\/rubi.com.py\/index.php\/wp-json\/wp\/v2\/product_cat?post=3406"},{"taxonomy":"product_tag","embeddable":true,"href":"https:\/\/rubi.com.py\/index.php\/wp-json\/wp\/v2\/product_tag?post=3406"}],"curies":[{"name":"wp","href":"https:\/\/api.w.org\/{rel}","templated":true}]}}