{"id":3408,"date":"2026-04-18T20:36:02","date_gmt":"2026-04-18T18:36:02","guid":{"rendered":"https:\/\/rubi.com.py\/index.php\/producto\/mouse-inalambrico-kolke-vertical-24g-kem-752\/"},"modified":"2026-04-18T20:36:02","modified_gmt":"2026-04-18T18:36:02","slug":"mouse-inalambrico-kolke-vertical-24g-kem-752","status":"publish","type":"product","link":"https:\/\/rubi.com.py\/index.php\/producto\/mouse-inalambrico-kolke-vertical-24g-kem-752\/","title":{"rendered":"MOUSE INALAMBRICO KOLKE VERTICAL 2,4G KEM-752"},"content":{"rendered":"<p>MOUSE INALAMBRICO KOLKE VERTICAL 2,4G KEM-752 Caracter\u00edsticas: -Mouse vertical inal\u00e1mbrico. -Conexi\u00f3n de 2.4 GHz. -Bater\u00eda recargable de 400 mAh. -Dise\u00f1o ergon\u00f3mico que reduce la presi\u00f3n en tu mano. -6 botones con rueda de desplazamiento. -Nanoreceptor USB. -Dimensiones: 12 x 8,5 x 7,2 cm. -Incluye: Cable de carga tipo C de 30 cm.<\/p>\n","protected":false},"excerpt":{"rendered":"<p>MOUSE INALAMBRICO KOLKE VERTICAL 2,4G KEM-752<\/p>\n","protected":false},"featured_media":3407,"comment_status":"open","ping_status":"closed","template":"","meta":{"_et_pb_use_builder":"","_et_pb_old_content":"","_et_gb_content_width":""},"product_brand":[],"product_cat":[46],"product_tag":[],"class_list":{"0":"post-3408","1":"product","2":"type-product","3":"status-publish","4":"has-post-thumbnail","6":"product_cat-tecnologia","8":"first","9":"instock","10":"shipping-taxable","11":"purchasable","12":"product-type-simple"},"_links":{"self":[{"href":"https:\/\/rubi.com.py\/index.php\/wp-json\/wp\/v2\/product\/3408","targetHints":{"allow":["GET"]}}],"collection":[{"href":"https:\/\/rubi.com.py\/index.php\/wp-json\/wp\/v2\/product"}],"about":[{"href":"https:\/\/rubi.com.py\/index.php\/wp-json\/wp\/v2\/types\/product"}],"replies":[{"embeddable":true,"href":"https:\/\/rubi.com.py\/index.php\/wp-json\/wp\/v2\/comments?post=3408"}],"wp:featuredmedia":[{"embeddable":true,"href":"https:\/\/rubi.com.py\/index.php\/wp-json\/wp\/v2\/media\/3407"}],"wp:attachment":[{"href":"https:\/\/rubi.com.py\/index.php\/wp-json\/wp\/v2\/media?parent=3408"}],"wp:term":[{"taxonomy":"product_brand","embeddable":true,"href":"https:\/\/rubi.com.py\/index.php\/wp-json\/wp\/v2\/product_brand?post=3408"},{"taxonomy":"product_cat","embeddable":true,"href":"https:\/\/rubi.com.py\/index.php\/wp-json\/wp\/v2\/product_cat?post=3408"},{"taxonomy":"product_tag","embeddable":true,"href":"https:\/\/rubi.com.py\/index.php\/wp-json\/wp\/v2\/product_tag?post=3408"}],"curies":[{"name":"wp","href":"https:\/\/api.w.org\/{rel}","templated":true}]}}