{"id":3413,"date":"2026-04-18T20:37:26","date_gmt":"2026-04-18T18:37:26","guid":{"rendered":"https:\/\/rubi.com.py\/index.php\/producto\/cable-kolke-hdmi-v1-4-15m-1080p-kcc-2738-caja\/"},"modified":"2026-04-18T20:37:26","modified_gmt":"2026-04-18T18:37:26","slug":"cable-kolke-hdmi-v1-4-15m-1080p-kcc-2738-caja","status":"publish","type":"product","link":"https:\/\/rubi.com.py\/index.php\/producto\/cable-kolke-hdmi-v1-4-15m-1080p-kcc-2738-caja\/","title":{"rendered":"CABLE KOLKE HDMI V1.4 1,5M 1080P KCC-2738 CAJA"},"content":{"rendered":"<p>CABLE KOLKE HDMI V1.4 1,5M 1080P KCC-2738 CAJA Caracter\u00edsticas: Ideal para conectar tus dispositivos de manera f\u00e1cil y sencilla. Podr\u00e1s transferir tu audio y video en pocos pasos. -Cable HDMI 1.4V. \u00b7 Resoluci\u00f3n: Full HD 1920x1080P. \u00b7 Largo del cable: 1,5m. \u00b7 Conector de entrada: HDMI macho. \u00b7 Conector de salida: HDMI macho.<\/p>\n","protected":false},"excerpt":{"rendered":"<p>CABLE KOLKE HDMI V1.4 1,5M 1080P KCC-2738 CAJA<\/p>\n","protected":false},"featured_media":0,"comment_status":"open","ping_status":"closed","template":"","meta":{"_et_pb_use_builder":"","_et_pb_old_content":"","_et_gb_content_width":""},"product_brand":[],"product_cat":[46],"product_tag":[],"class_list":{"0":"post-3413","1":"product","2":"type-product","3":"status-publish","5":"product_cat-tecnologia","7":"first","8":"instock","9":"shipping-taxable","10":"purchasable","11":"product-type-simple"},"_links":{"self":[{"href":"https:\/\/rubi.com.py\/index.php\/wp-json\/wp\/v2\/product\/3413","targetHints":{"allow":["GET"]}}],"collection":[{"href":"https:\/\/rubi.com.py\/index.php\/wp-json\/wp\/v2\/product"}],"about":[{"href":"https:\/\/rubi.com.py\/index.php\/wp-json\/wp\/v2\/types\/product"}],"replies":[{"embeddable":true,"href":"https:\/\/rubi.com.py\/index.php\/wp-json\/wp\/v2\/comments?post=3413"}],"wp:attachment":[{"href":"https:\/\/rubi.com.py\/index.php\/wp-json\/wp\/v2\/media?parent=3413"}],"wp:term":[{"taxonomy":"product_brand","embeddable":true,"href":"https:\/\/rubi.com.py\/index.php\/wp-json\/wp\/v2\/product_brand?post=3413"},{"taxonomy":"product_cat","embeddable":true,"href":"https:\/\/rubi.com.py\/index.php\/wp-json\/wp\/v2\/product_cat?post=3413"},{"taxonomy":"product_tag","embeddable":true,"href":"https:\/\/rubi.com.py\/index.php\/wp-json\/wp\/v2\/product_tag?post=3413"}],"curies":[{"name":"wp","href":"https:\/\/api.w.org\/{rel}","templated":true}]}}