{"id":3416,"date":"2026-04-18T20:38:37","date_gmt":"2026-04-18T18:38:37","guid":{"rendered":"https:\/\/rubi.com.py\/index.php\/producto\/cable-kolke-usb-c-a-usb-c-20w-kcc-8740-blanco-caja\/"},"modified":"2026-04-18T20:38:37","modified_gmt":"2026-04-18T18:38:37","slug":"cable-kolke-usb-c-a-usb-c-20w-kcc-8740-blanco-caja","status":"publish","type":"product","link":"https:\/\/rubi.com.py\/index.php\/producto\/cable-kolke-usb-c-a-usb-c-20w-kcc-8740-blanco-caja\/","title":{"rendered":"CABLE KOLKE USB C A USB C 20W KCC-8740 BLANCO CAJA"},"content":{"rendered":"<p>CABLE KOLKE USB C A USB C 20W KCC-8740 BLANCO CAJA Caracter\u00edsticas: -Cable USB Tipo C a USB Tipo C. -Cable de carga r\u00e1pida QC 3.0 -Potencia: 20W (PD). -Rango de transmisi\u00f3n: 480Mbps. -Conector de Entrada: USB tipo C macho. -Conector de Salida: USB tipo C macho. -Largo del cable: 1m. -Presentaci\u00f3n: en caja.<\/p>\n","protected":false},"excerpt":{"rendered":"<p>CABLE KOLKE USB C A USB C 20W KCC-8740 BLANCO CAJA<\/p>\n","protected":false},"featured_media":0,"comment_status":"open","ping_status":"closed","template":"","meta":{"_et_pb_use_builder":"","_et_pb_old_content":"","_et_gb_content_width":""},"product_brand":[],"product_cat":[46],"product_tag":[],"class_list":{"0":"post-3416","1":"product","2":"type-product","3":"status-publish","5":"product_cat-tecnologia","7":"first","8":"instock","9":"shipping-taxable","10":"purchasable","11":"product-type-simple"},"_links":{"self":[{"href":"https:\/\/rubi.com.py\/index.php\/wp-json\/wp\/v2\/product\/3416","targetHints":{"allow":["GET"]}}],"collection":[{"href":"https:\/\/rubi.com.py\/index.php\/wp-json\/wp\/v2\/product"}],"about":[{"href":"https:\/\/rubi.com.py\/index.php\/wp-json\/wp\/v2\/types\/product"}],"replies":[{"embeddable":true,"href":"https:\/\/rubi.com.py\/index.php\/wp-json\/wp\/v2\/comments?post=3416"}],"wp:attachment":[{"href":"https:\/\/rubi.com.py\/index.php\/wp-json\/wp\/v2\/media?parent=3416"}],"wp:term":[{"taxonomy":"product_brand","embeddable":true,"href":"https:\/\/rubi.com.py\/index.php\/wp-json\/wp\/v2\/product_brand?post=3416"},{"taxonomy":"product_cat","embeddable":true,"href":"https:\/\/rubi.com.py\/index.php\/wp-json\/wp\/v2\/product_cat?post=3416"},{"taxonomy":"product_tag","embeddable":true,"href":"https:\/\/rubi.com.py\/index.php\/wp-json\/wp\/v2\/product_tag?post=3416"}],"curies":[{"name":"wp","href":"https:\/\/api.w.org\/{rel}","templated":true}]}}