{"id":3419,"date":"2026-04-18T20:39:23","date_gmt":"2026-04-18T18:39:23","guid":{"rendered":"https:\/\/rubi.com.py\/index.php\/producto\/auricular-intrauditivo-stereo-con-microfono-kai-742\/"},"modified":"2026-04-18T20:39:23","modified_gmt":"2026-04-18T18:39:23","slug":"auricular-intrauditivo-stereo-con-microfono-kai-742","status":"publish","type":"product","link":"https:\/\/rubi.com.py\/index.php\/producto\/auricular-intrauditivo-stereo-con-microfono-kai-742\/","title":{"rendered":"AURICULAR INTRAUDITIVO STEREO CON MICROFONO KAI-742"},"content":{"rendered":"<p>AURICULAR INTRAUDITIVO STEREO CON MICROFONO KAI-742 Caracter\u00edsticas: -Auricular Intrauditivo Stereo. -Dise\u00f1o Ergon\u00f3mico. -Gran calidad de sonido, sin p\u00e9rdidas. -Con micr\u00f3fono incorporado: permite responder llamadas. -Conector: USB C. -Con cable. -Gran compatibilidad.<\/p>\n","protected":false},"excerpt":{"rendered":"<p>AURICULAR INTRAUDITIVO STEREO CON MICROFONO KAI-742<\/p>\n","protected":false},"featured_media":3418,"comment_status":"open","ping_status":"closed","template":"","meta":{"_et_pb_use_builder":"","_et_pb_old_content":"","_et_gb_content_width":""},"product_brand":[],"product_cat":[46],"product_tag":[],"class_list":{"0":"post-3419","1":"product","2":"type-product","3":"status-publish","4":"has-post-thumbnail","6":"product_cat-tecnologia","8":"first","9":"instock","10":"shipping-taxable","11":"purchasable","12":"product-type-simple"},"_links":{"self":[{"href":"https:\/\/rubi.com.py\/index.php\/wp-json\/wp\/v2\/product\/3419","targetHints":{"allow":["GET"]}}],"collection":[{"href":"https:\/\/rubi.com.py\/index.php\/wp-json\/wp\/v2\/product"}],"about":[{"href":"https:\/\/rubi.com.py\/index.php\/wp-json\/wp\/v2\/types\/product"}],"replies":[{"embeddable":true,"href":"https:\/\/rubi.com.py\/index.php\/wp-json\/wp\/v2\/comments?post=3419"}],"wp:featuredmedia":[{"embeddable":true,"href":"https:\/\/rubi.com.py\/index.php\/wp-json\/wp\/v2\/media\/3418"}],"wp:attachment":[{"href":"https:\/\/rubi.com.py\/index.php\/wp-json\/wp\/v2\/media?parent=3419"}],"wp:term":[{"taxonomy":"product_brand","embeddable":true,"href":"https:\/\/rubi.com.py\/index.php\/wp-json\/wp\/v2\/product_brand?post=3419"},{"taxonomy":"product_cat","embeddable":true,"href":"https:\/\/rubi.com.py\/index.php\/wp-json\/wp\/v2\/product_cat?post=3419"},{"taxonomy":"product_tag","embeddable":true,"href":"https:\/\/rubi.com.py\/index.php\/wp-json\/wp\/v2\/product_tag?post=3419"}],"curies":[{"name":"wp","href":"https:\/\/api.w.org\/{rel}","templated":true}]}}