{"id":3421,"date":"2026-04-18T20:40:17","date_gmt":"2026-04-18T18:40:17","guid":{"rendered":"https:\/\/rubi.com.py\/index.php\/producto\/cable-kolke-usb-a-lightning-kcc-5745-blanco-caja\/"},"modified":"2026-04-18T20:40:17","modified_gmt":"2026-04-18T18:40:17","slug":"cable-kolke-usb-a-lightning-kcc-5745-blanco-caja","status":"publish","type":"product","link":"https:\/\/rubi.com.py\/index.php\/producto\/cable-kolke-usb-a-lightning-kcc-5745-blanco-caja\/","title":{"rendered":"CABLE KOLKE USB A LIGHTNING KCC-5745 BLANCO CAJA"},"content":{"rendered":"<p>CABLE KOLKE USB A LIGHTNING KCC-5745 BLANCO CAJA Caracter\u00edsticas: -Cable USB a Lightning. -Cable de carga r\u00e1pida. -Rango de transmisi\u00f3n: 480Mbps. -Largo del cable: 1m. -Material: PVC.<\/p>\n","protected":false},"excerpt":{"rendered":"<p>CABLE KOLKE USB A LIGHTNING KCC-5745 BLANCO CAJA<\/p>\n","protected":false},"featured_media":0,"comment_status":"open","ping_status":"closed","template":"","meta":{"_et_pb_use_builder":"","_et_pb_old_content":"","_et_gb_content_width":""},"product_brand":[],"product_cat":[46],"product_tag":[],"class_list":{"0":"post-3421","1":"product","2":"type-product","3":"status-publish","5":"product_cat-tecnologia","7":"first","8":"instock","9":"shipping-taxable","10":"purchasable","11":"product-type-simple"},"_links":{"self":[{"href":"https:\/\/rubi.com.py\/index.php\/wp-json\/wp\/v2\/product\/3421","targetHints":{"allow":["GET"]}}],"collection":[{"href":"https:\/\/rubi.com.py\/index.php\/wp-json\/wp\/v2\/product"}],"about":[{"href":"https:\/\/rubi.com.py\/index.php\/wp-json\/wp\/v2\/types\/product"}],"replies":[{"embeddable":true,"href":"https:\/\/rubi.com.py\/index.php\/wp-json\/wp\/v2\/comments?post=3421"}],"wp:attachment":[{"href":"https:\/\/rubi.com.py\/index.php\/wp-json\/wp\/v2\/media?parent=3421"}],"wp:term":[{"taxonomy":"product_brand","embeddable":true,"href":"https:\/\/rubi.com.py\/index.php\/wp-json\/wp\/v2\/product_brand?post=3421"},{"taxonomy":"product_cat","embeddable":true,"href":"https:\/\/rubi.com.py\/index.php\/wp-json\/wp\/v2\/product_cat?post=3421"},{"taxonomy":"product_tag","embeddable":true,"href":"https:\/\/rubi.com.py\/index.php\/wp-json\/wp\/v2\/product_tag?post=3421"}],"curies":[{"name":"wp","href":"https:\/\/api.w.org\/{rel}","templated":true}]}}