{"id":3422,"date":"2026-04-18T20:40:39","date_gmt":"2026-04-18T18:40:39","guid":{"rendered":"https:\/\/rubi.com.py\/index.php\/producto\/cable-magnetico-kolke-usb-c-a-usb-c-kcc-8746-negro-caja\/"},"modified":"2026-04-18T20:40:39","modified_gmt":"2026-04-18T18:40:39","slug":"cable-magnetico-kolke-usb-c-a-usb-c-kcc-8746-negro-caja","status":"publish","type":"product","link":"https:\/\/rubi.com.py\/index.php\/producto\/cable-magnetico-kolke-usb-c-a-usb-c-kcc-8746-negro-caja\/","title":{"rendered":"CABLE MAGNETICO KOLKE USB C A USB C KCC-8746 NEGRO CAJA"},"content":{"rendered":"<p>CABLE MAGNETICO KOLKE USB C A USB C KCC-8746 NEGRO CAJA Caracter\u00edsticas: -Cable magn\u00e9tico USB C a USB C. -Cable de carga r\u00e1pida. -Potencia: 60W. -Amperaje: 3A. -Rango de transmisi\u00f3n: 480Mbps. -Largo del cable: 1m. -Materiales: Aleaci\u00f3n de aluminio trenzado.<\/p>\n","protected":false},"excerpt":{"rendered":"<p>CABLE MAGNETICO KOLKE USB C A USB C KCC-8746 NEGRO CAJA<\/p>\n","protected":false},"featured_media":0,"comment_status":"open","ping_status":"closed","template":"","meta":{"_et_pb_use_builder":"","_et_pb_old_content":"","_et_gb_content_width":""},"product_brand":[],"product_cat":[46],"product_tag":[],"class_list":{"0":"post-3422","1":"product","2":"type-product","3":"status-publish","5":"product_cat-tecnologia","7":"first","8":"instock","9":"shipping-taxable","10":"purchasable","11":"product-type-simple"},"_links":{"self":[{"href":"https:\/\/rubi.com.py\/index.php\/wp-json\/wp\/v2\/product\/3422","targetHints":{"allow":["GET"]}}],"collection":[{"href":"https:\/\/rubi.com.py\/index.php\/wp-json\/wp\/v2\/product"}],"about":[{"href":"https:\/\/rubi.com.py\/index.php\/wp-json\/wp\/v2\/types\/product"}],"replies":[{"embeddable":true,"href":"https:\/\/rubi.com.py\/index.php\/wp-json\/wp\/v2\/comments?post=3422"}],"wp:attachment":[{"href":"https:\/\/rubi.com.py\/index.php\/wp-json\/wp\/v2\/media?parent=3422"}],"wp:term":[{"taxonomy":"product_brand","embeddable":true,"href":"https:\/\/rubi.com.py\/index.php\/wp-json\/wp\/v2\/product_brand?post=3422"},{"taxonomy":"product_cat","embeddable":true,"href":"https:\/\/rubi.com.py\/index.php\/wp-json\/wp\/v2\/product_cat?post=3422"},{"taxonomy":"product_tag","embeddable":true,"href":"https:\/\/rubi.com.py\/index.php\/wp-json\/wp\/v2\/product_tag?post=3422"}],"curies":[{"name":"wp","href":"https:\/\/api.w.org\/{rel}","templated":true}]}}