{"id":3427,"date":"2026-04-18T20:41:36","date_gmt":"2026-04-18T18:41:36","guid":{"rendered":"https:\/\/rubi.com.py\/index.php\/producto\/balanza-body-fat-smart-con-app-y-bt-nappo-ebs-027\/"},"modified":"2026-04-18T20:41:36","modified_gmt":"2026-04-18T18:41:36","slug":"balanza-body-fat-smart-con-app-y-bt-nappo-ebs-027","status":"publish","type":"product","link":"https:\/\/rubi.com.py\/index.php\/producto\/balanza-body-fat-smart-con-app-y-bt-nappo-ebs-027\/","title":{"rendered":"BALANZA BODY FAT SMART CON APP Y BT NAPPO EBS-027"},"content":{"rendered":"<p>BALANZA BODY FAT SMART CON APP Y BT NAPPO EBS-027 Caracter\u00edsticas: -Balanza Digital Smart. -Medici\u00f3n de peso, calor\u00edas, grasa corporal, masa muscular, masa \u00f3sea y agua corporal. -App OKOK international. -Conexi\u00f3n inal\u00e1mbrica V4.0 &#8211; 2,4 GHz. -Capacidad m\u00e1xima: 180 Kg. -Sensor de alta precisi\u00f3n -Vidrio templado.<\/p>\n","protected":false},"excerpt":{"rendered":"<p>BALANZA BODY FAT SMART CON APP Y BT NAPPO EBS-027<\/p>\n","protected":false},"featured_media":3426,"comment_status":"open","ping_status":"closed","template":"","meta":{"_et_pb_use_builder":"","_et_pb_old_content":"","_et_gb_content_width":""},"product_brand":[],"product_cat":[45],"product_tag":[],"class_list":{"0":"post-3427","1":"product","2":"type-product","3":"status-publish","4":"has-post-thumbnail","6":"product_cat-salud-y-belleza","8":"first","9":"instock","10":"shipping-taxable","11":"purchasable","12":"product-type-simple"},"_links":{"self":[{"href":"https:\/\/rubi.com.py\/index.php\/wp-json\/wp\/v2\/product\/3427","targetHints":{"allow":["GET"]}}],"collection":[{"href":"https:\/\/rubi.com.py\/index.php\/wp-json\/wp\/v2\/product"}],"about":[{"href":"https:\/\/rubi.com.py\/index.php\/wp-json\/wp\/v2\/types\/product"}],"replies":[{"embeddable":true,"href":"https:\/\/rubi.com.py\/index.php\/wp-json\/wp\/v2\/comments?post=3427"}],"wp:featuredmedia":[{"embeddable":true,"href":"https:\/\/rubi.com.py\/index.php\/wp-json\/wp\/v2\/media\/3426"}],"wp:attachment":[{"href":"https:\/\/rubi.com.py\/index.php\/wp-json\/wp\/v2\/media?parent=3427"}],"wp:term":[{"taxonomy":"product_brand","embeddable":true,"href":"https:\/\/rubi.com.py\/index.php\/wp-json\/wp\/v2\/product_brand?post=3427"},{"taxonomy":"product_cat","embeddable":true,"href":"https:\/\/rubi.com.py\/index.php\/wp-json\/wp\/v2\/product_cat?post=3427"},{"taxonomy":"product_tag","embeddable":true,"href":"https:\/\/rubi.com.py\/index.php\/wp-json\/wp\/v2\/product_tag?post=3427"}],"curies":[{"name":"wp","href":"https:\/\/api.w.org\/{rel}","templated":true}]}}