{"id":3443,"date":"2026-04-18T20:46:19","date_gmt":"2026-04-18T18:46:19","guid":{"rendered":"https:\/\/rubi.com.py\/index.php\/producto\/parlante-inalambrico-xsound-kolke-kpm-735\/"},"modified":"2026-04-18T20:46:19","modified_gmt":"2026-04-18T18:46:19","slug":"parlante-inalambrico-xsound-kolke-kpm-735","status":"publish","type":"product","link":"https:\/\/rubi.com.py\/index.php\/producto\/parlante-inalambrico-xsound-kolke-kpm-735\/","title":{"rendered":"PARLANTE INALAMBRICO XSOUND KOLKE  KPM-735"},"content":{"rendered":"<p>PARLANTE INALAMBRICO XSOUND KOLKE KPM-735 Caracter\u00edsticas: -Conexi\u00f3n bluetooth V5.4. -Bater\u00eda recargable: 2000 mAh, 3.7V. -Tiempo de carga: hasta 5-6 horas. -Funci\u00f3n TWS, Radio FM, Luz RGB. -Conexiones: USB, Tarjeta SD, Aux. -Permite recibir llamadas en modo manos libres. -Accesorios incluidos: Cable de carga tipo C de 50 cm y Cable auxiliar de 50 cm. -Dimensiones: 22,6 x 13,6 x 21,2 cm.<\/p>\n","protected":false},"excerpt":{"rendered":"<p>PARLANTE INALAMBRICO XSOUND KOLKE KPM-735<\/p>\n","protected":false},"featured_media":3442,"comment_status":"open","ping_status":"closed","template":"","meta":{"_et_pb_use_builder":"","_et_pb_old_content":"","_et_gb_content_width":""},"product_brand":[],"product_cat":[46],"product_tag":[],"class_list":{"0":"post-3443","1":"product","2":"type-product","3":"status-publish","4":"has-post-thumbnail","6":"product_cat-tecnologia","8":"first","9":"instock","10":"shipping-taxable","11":"purchasable","12":"product-type-simple"},"_links":{"self":[{"href":"https:\/\/rubi.com.py\/index.php\/wp-json\/wp\/v2\/product\/3443","targetHints":{"allow":["GET"]}}],"collection":[{"href":"https:\/\/rubi.com.py\/index.php\/wp-json\/wp\/v2\/product"}],"about":[{"href":"https:\/\/rubi.com.py\/index.php\/wp-json\/wp\/v2\/types\/product"}],"replies":[{"embeddable":true,"href":"https:\/\/rubi.com.py\/index.php\/wp-json\/wp\/v2\/comments?post=3443"}],"wp:featuredmedia":[{"embeddable":true,"href":"https:\/\/rubi.com.py\/index.php\/wp-json\/wp\/v2\/media\/3442"}],"wp:attachment":[{"href":"https:\/\/rubi.com.py\/index.php\/wp-json\/wp\/v2\/media?parent=3443"}],"wp:term":[{"taxonomy":"product_brand","embeddable":true,"href":"https:\/\/rubi.com.py\/index.php\/wp-json\/wp\/v2\/product_brand?post=3443"},{"taxonomy":"product_cat","embeddable":true,"href":"https:\/\/rubi.com.py\/index.php\/wp-json\/wp\/v2\/product_cat?post=3443"},{"taxonomy":"product_tag","embeddable":true,"href":"https:\/\/rubi.com.py\/index.php\/wp-json\/wp\/v2\/product_tag?post=3443"}],"curies":[{"name":"wp","href":"https:\/\/api.w.org\/{rel}","templated":true}]}}