{"id":3454,"date":"2026-04-18T20:52:54","date_gmt":"2026-04-18T18:52:54","guid":{"rendered":"https:\/\/rubi.com.py\/index.php\/producto\/kit-parlante-12-y-barra-de-sonido-2-5-concert-12-kpb-728\/"},"modified":"2026-04-18T20:52:54","modified_gmt":"2026-04-18T18:52:54","slug":"kit-parlante-12-y-barra-de-sonido-2-5-concert-12-kpb-728","status":"publish","type":"product","link":"https:\/\/rubi.com.py\/index.php\/producto\/kit-parlante-12-y-barra-de-sonido-2-5-concert-12-kpb-728\/","title":{"rendered":"KIT PARLANTE 12\u2019\u2019 Y BARRA DE SONIDO 2.5\u2019\u2019 CONCERT 12 KPB-728"},"content":{"rendered":"<p>KIT PARLANTE 12\u2019\u2019 Y BARRA DE SONIDO 2.5\u2019\u2019 CONCERT 12 KPB-728 Caracter\u00edsticas: -Parlante de columna de 12\u2019\u2019. -Amplificador de potencia: Clase D. -Potencia: 750 W \/ 22.000 W PMPO. -Conexi\u00f3n inal\u00e1mbrica. -Conexi\u00f3n: USB, entrada Mic 6,35 mm. -Funci\u00f3n MP3. -Funci\u00f3n TWS. -Alimentaci\u00f3n: 115\/230 V &#8211; 50\/60Hz. -Largo cable de alimentaci\u00f3n: 1,8 m. -Dimensiones del parlante: 41.5 x 36.5 x 55.5 cm. -Dimensiones de la barra de sonido: 2 secciones de 79 x 9 x 8 cm cada una. -Incluye: Parlante y Barra de sonido.<\/p>\n","protected":false},"excerpt":{"rendered":"<p>KIT PARLANTE 12\u2019\u2019 Y BARRA DE SONIDO 2.5\u2019\u2019 CONCERT 12 KPB-728<\/p>\n","protected":false},"featured_media":3453,"comment_status":"open","ping_status":"closed","template":"","meta":{"_et_pb_use_builder":"","_et_pb_old_content":"","_et_gb_content_width":""},"product_brand":[],"product_cat":[46],"product_tag":[],"class_list":{"0":"post-3454","1":"product","2":"type-product","3":"status-publish","4":"has-post-thumbnail","6":"product_cat-tecnologia","8":"first","9":"instock","10":"shipping-taxable","11":"purchasable","12":"product-type-simple"},"_links":{"self":[{"href":"https:\/\/rubi.com.py\/index.php\/wp-json\/wp\/v2\/product\/3454","targetHints":{"allow":["GET"]}}],"collection":[{"href":"https:\/\/rubi.com.py\/index.php\/wp-json\/wp\/v2\/product"}],"about":[{"href":"https:\/\/rubi.com.py\/index.php\/wp-json\/wp\/v2\/types\/product"}],"replies":[{"embeddable":true,"href":"https:\/\/rubi.com.py\/index.php\/wp-json\/wp\/v2\/comments?post=3454"}],"wp:featuredmedia":[{"embeddable":true,"href":"https:\/\/rubi.com.py\/index.php\/wp-json\/wp\/v2\/media\/3453"}],"wp:attachment":[{"href":"https:\/\/rubi.com.py\/index.php\/wp-json\/wp\/v2\/media?parent=3454"}],"wp:term":[{"taxonomy":"product_brand","embeddable":true,"href":"https:\/\/rubi.com.py\/index.php\/wp-json\/wp\/v2\/product_brand?post=3454"},{"taxonomy":"product_cat","embeddable":true,"href":"https:\/\/rubi.com.py\/index.php\/wp-json\/wp\/v2\/product_cat?post=3454"},{"taxonomy":"product_tag","embeddable":true,"href":"https:\/\/rubi.com.py\/index.php\/wp-json\/wp\/v2\/product_tag?post=3454"}],"curies":[{"name":"wp","href":"https:\/\/api.w.org\/{rel}","templated":true}]}}