{"id":3456,"date":"2026-04-18T20:53:16","date_gmt":"2026-04-18T18:53:16","guid":{"rendered":"https:\/\/rubi.com.py\/index.php\/producto\/parlante-kolke-con-amplificador-clase-d-15-concert-15-kpb-729\/"},"modified":"2026-04-18T20:53:16","modified_gmt":"2026-04-18T18:53:16","slug":"parlante-kolke-con-amplificador-clase-d-15-concert-15-kpb-729","status":"publish","type":"product","link":"https:\/\/rubi.com.py\/index.php\/producto\/parlante-kolke-con-amplificador-clase-d-15-concert-15-kpb-729\/","title":{"rendered":"PARLANTE KOLKE CON AMPLIFICADOR CLASE D 15\u00bb CONCERT 15 KPB-729"},"content":{"rendered":"<p>PARLANTE KOLKE CON AMPLIFICADOR CLASE D 15\u00bb CONCERT 15 KPB-729 Caracter\u00edsticas: Parlante activo de 15&#8243;. Amplificador de potencia: Clase D. Potencia: 800 W \/ 25.000 W PMPO. Conexi\u00f3n inal\u00e1mbrica. Conexi\u00f3n: Entrada Mic. 6,35 mm y entrada XLR x2. Salida de l\u00ednea XLR. Radio FM, Funci\u00f3n MP3. Funci\u00f3n Karaoke: Priorizar micr\u00f3fono. Funci\u00f3n TWS. Pantalla digital LED. Alimentaci\u00f3n: 115\/230 V &#8211; 50\/60 Hz. Largo cable de alimentaci\u00f3n: 1,8 m. Dimensiones: 72 x 43 x 41 cm. Incluye: Tr\u00edpode de acero.<\/p>\n","protected":false},"excerpt":{"rendered":"<p>PARLANTE KOLKE CON AMPLIFICADOR CLASE D 15\u00bb CONCERT 15 KPB-729<\/p>\n","protected":false},"featured_media":3455,"comment_status":"open","ping_status":"closed","template":"","meta":{"_et_pb_use_builder":"","_et_pb_old_content":"","_et_gb_content_width":""},"product_brand":[],"product_cat":[46],"product_tag":[],"class_list":{"0":"post-3456","1":"product","2":"type-product","3":"status-publish","4":"has-post-thumbnail","6":"product_cat-tecnologia","8":"first","9":"instock","10":"shipping-taxable","11":"purchasable","12":"product-type-simple"},"_links":{"self":[{"href":"https:\/\/rubi.com.py\/index.php\/wp-json\/wp\/v2\/product\/3456","targetHints":{"allow":["GET"]}}],"collection":[{"href":"https:\/\/rubi.com.py\/index.php\/wp-json\/wp\/v2\/product"}],"about":[{"href":"https:\/\/rubi.com.py\/index.php\/wp-json\/wp\/v2\/types\/product"}],"replies":[{"embeddable":true,"href":"https:\/\/rubi.com.py\/index.php\/wp-json\/wp\/v2\/comments?post=3456"}],"wp:featuredmedia":[{"embeddable":true,"href":"https:\/\/rubi.com.py\/index.php\/wp-json\/wp\/v2\/media\/3455"}],"wp:attachment":[{"href":"https:\/\/rubi.com.py\/index.php\/wp-json\/wp\/v2\/media?parent=3456"}],"wp:term":[{"taxonomy":"product_brand","embeddable":true,"href":"https:\/\/rubi.com.py\/index.php\/wp-json\/wp\/v2\/product_brand?post=3456"},{"taxonomy":"product_cat","embeddable":true,"href":"https:\/\/rubi.com.py\/index.php\/wp-json\/wp\/v2\/product_cat?post=3456"},{"taxonomy":"product_tag","embeddable":true,"href":"https:\/\/rubi.com.py\/index.php\/wp-json\/wp\/v2\/product_tag?post=3456"}],"curies":[{"name":"wp","href":"https:\/\/api.w.org\/{rel}","templated":true}]}}