{"id":3458,"date":"2026-04-18T20:53:35","date_gmt":"2026-04-18T18:53:35","guid":{"rendered":"https:\/\/rubi.com.py\/index.php\/producto\/freidora-digital-2-en-1-freidora-sin-aceite-y-parrilla-8l-nef-276\/"},"modified":"2026-04-18T20:53:35","modified_gmt":"2026-04-18T18:53:35","slug":"freidora-digital-2-en-1-freidora-sin-aceite-y-parrilla-8l-nef-276","status":"publish","type":"product","link":"https:\/\/rubi.com.py\/index.php\/producto\/freidora-digital-2-en-1-freidora-sin-aceite-y-parrilla-8l-nef-276\/","title":{"rendered":"FREIDORA DIGITAL 2 EN 1: FREIDORA SIN ACEITE Y PARRILLA 8L NEF-276"},"content":{"rendered":"<p>FREIDORA DIGITAL 2 EN 1: FREIDORA SIN ACEITE Y PARRILLA 8L NEF-276 Caracter\u00edsticas: -Doble funci\u00f3n: Freidora sin aceite y parrilla. -Potencia: 1650 W -Tecnolog\u00eda Fry Force 360\u00b0. -Control de termostato ajustable: Freidora sin aceite, Grill, Horneado y Deshidratador, todo en uno. -8 funciones de cocci\u00f3n con un solo toque. -Superficie de cocci\u00f3n antiadherente -Timer ajustable hasta 60 minutos. -Incluye pinza.<\/p>\n","protected":false},"excerpt":{"rendered":"<p>FREIDORA DIGITAL 2 EN 1: FREIDORA SIN ACEITE Y PARRILLA 8L NEF-276<\/p>\n","protected":false},"featured_media":3457,"comment_status":"open","ping_status":"closed","template":"","meta":{"_et_pb_use_builder":"","_et_pb_old_content":"","_et_gb_content_width":""},"product_brand":[],"product_cat":[33],"product_tag":[],"class_list":{"0":"post-3458","1":"product","2":"type-product","3":"status-publish","4":"has-post-thumbnail","6":"product_cat-cocina-y-comedor","8":"first","9":"instock","10":"shipping-taxable","11":"purchasable","12":"product-type-simple"},"_links":{"self":[{"href":"https:\/\/rubi.com.py\/index.php\/wp-json\/wp\/v2\/product\/3458","targetHints":{"allow":["GET"]}}],"collection":[{"href":"https:\/\/rubi.com.py\/index.php\/wp-json\/wp\/v2\/product"}],"about":[{"href":"https:\/\/rubi.com.py\/index.php\/wp-json\/wp\/v2\/types\/product"}],"replies":[{"embeddable":true,"href":"https:\/\/rubi.com.py\/index.php\/wp-json\/wp\/v2\/comments?post=3458"}],"wp:featuredmedia":[{"embeddable":true,"href":"https:\/\/rubi.com.py\/index.php\/wp-json\/wp\/v2\/media\/3457"}],"wp:attachment":[{"href":"https:\/\/rubi.com.py\/index.php\/wp-json\/wp\/v2\/media?parent=3458"}],"wp:term":[{"taxonomy":"product_brand","embeddable":true,"href":"https:\/\/rubi.com.py\/index.php\/wp-json\/wp\/v2\/product_brand?post=3458"},{"taxonomy":"product_cat","embeddable":true,"href":"https:\/\/rubi.com.py\/index.php\/wp-json\/wp\/v2\/product_cat?post=3458"},{"taxonomy":"product_tag","embeddable":true,"href":"https:\/\/rubi.com.py\/index.php\/wp-json\/wp\/v2\/product_tag?post=3458"}],"curies":[{"name":"wp","href":"https:\/\/api.w.org\/{rel}","templated":true}]}}