{"id":3463,"date":"2026-04-18T20:54:45","date_gmt":"2026-04-18T18:54:45","guid":{"rendered":"https:\/\/rubi.com.py\/index.php\/producto\/licuadora-electrica-2-en-1-nappo-nel-279\/"},"modified":"2026-04-18T20:54:45","modified_gmt":"2026-04-18T18:54:45","slug":"licuadora-electrica-2-en-1-nappo-nel-279","status":"publish","type":"product","link":"https:\/\/rubi.com.py\/index.php\/producto\/licuadora-electrica-2-en-1-nappo-nel-279\/","title":{"rendered":"LICUADORA ELECTRICA 2 EN 1 NAPPO NEL-279"},"content":{"rendered":"<p>LICUADORA ELECTRICA 2 EN 1 NAPPO NEL-279 Caracter\u00edsticas: -Potencia: 500W. -2 velocidades con pulso. -Jarra de pl\u00e1stico de 1800 ml. -Vaso medidor. -Molinillo de caf\u00e9 de 150 ml. -Base de metal. -Apta para picar hielo. -Cierre de seguridad.<\/p>\n","protected":false},"excerpt":{"rendered":"<p>LICUADORA ELECTRICA 2 EN 1 NAPPO NEL-279<\/p>\n","protected":false},"featured_media":0,"comment_status":"open","ping_status":"closed","template":"","meta":{"_et_pb_use_builder":"","_et_pb_old_content":"","_et_gb_content_width":""},"product_brand":[],"product_cat":[33],"product_tag":[],"class_list":{"0":"post-3463","1":"product","2":"type-product","3":"status-publish","5":"product_cat-cocina-y-comedor","7":"first","8":"instock","9":"shipping-taxable","10":"purchasable","11":"product-type-simple"},"_links":{"self":[{"href":"https:\/\/rubi.com.py\/index.php\/wp-json\/wp\/v2\/product\/3463","targetHints":{"allow":["GET"]}}],"collection":[{"href":"https:\/\/rubi.com.py\/index.php\/wp-json\/wp\/v2\/product"}],"about":[{"href":"https:\/\/rubi.com.py\/index.php\/wp-json\/wp\/v2\/types\/product"}],"replies":[{"embeddable":true,"href":"https:\/\/rubi.com.py\/index.php\/wp-json\/wp\/v2\/comments?post=3463"}],"wp:attachment":[{"href":"https:\/\/rubi.com.py\/index.php\/wp-json\/wp\/v2\/media?parent=3463"}],"wp:term":[{"taxonomy":"product_brand","embeddable":true,"href":"https:\/\/rubi.com.py\/index.php\/wp-json\/wp\/v2\/product_brand?post=3463"},{"taxonomy":"product_cat","embeddable":true,"href":"https:\/\/rubi.com.py\/index.php\/wp-json\/wp\/v2\/product_cat?post=3463"},{"taxonomy":"product_tag","embeddable":true,"href":"https:\/\/rubi.com.py\/index.php\/wp-json\/wp\/v2\/product_tag?post=3463"}],"curies":[{"name":"wp","href":"https:\/\/api.w.org\/{rel}","templated":true}]}}