{"id":3465,"date":"2026-04-18T20:55:20","date_gmt":"2026-04-18T18:55:20","guid":{"rendered":"https:\/\/rubi.com.py\/index.php\/producto\/camara-exterior-ptz-2-0mp-colorvu-full-hd-kuc-636-negro\/"},"modified":"2026-04-18T20:55:20","modified_gmt":"2026-04-18T18:55:20","slug":"camara-exterior-ptz-2-0mp-colorvu-full-hd-kuc-636-negro","status":"publish","type":"product","link":"https:\/\/rubi.com.py\/index.php\/producto\/camara-exterior-ptz-2-0mp-colorvu-full-hd-kuc-636-negro\/","title":{"rendered":"CAMARA EXTERIOR PTZ 2.0MP COLORVU FULL HD KUC-636 NEGRO"},"content":{"rendered":"<p>CAMARA EXTERIOR PTZ 2.0MP COLORVU FULL HD KUC-636 NEGRO Caracter\u00edsticas: -C\u00e1mara PTZ inal\u00e1mbrica para exteriores, Tecnolog\u00eda ColorVu. -Visi\u00f3n Diurna y Nocturna a todo color hasta 20 m. -Doble iluminaci\u00f3n: 15 luces blancas y 21 luces -infrarrojas. -Resoluci\u00f3n: 2.0MP, Full HD 1920 x 1080. -Rotaci\u00f3n e inclinaci\u00f3n: H: 350\u00ba \/ V: 90\u00ba. -Audio Bi-Direccional: Micr\u00f3fono y parlante integrados -para hablar y escuchar. -WiFi Dual-Band (soporta 2.4G y 5G). -Detecci\u00f3n de movimiento y seguimiento de objetos -autom\u00e1tico. -Almacenamiento: Nube y Tarjeta SD. -Waterproof IP65. -Soporta monitoreo remoto en iOS o Android (App -Yi loT). -Incluye: Adaptador y Bolsa de tornillos.<\/p>\n","protected":false},"excerpt":{"rendered":"<p>CAMARA EXTERIOR PTZ 2.0MP COLORVU FULL HD KUC-636 NEGRO<\/p>\n","protected":false},"featured_media":3464,"comment_status":"open","ping_status":"closed","template":"","meta":{"_et_pb_use_builder":"","_et_pb_old_content":"","_et_gb_content_width":""},"product_brand":[],"product_cat":[46],"product_tag":[],"class_list":{"0":"post-3465","1":"product","2":"type-product","3":"status-publish","4":"has-post-thumbnail","6":"product_cat-tecnologia","8":"first","9":"instock","10":"shipping-taxable","11":"purchasable","12":"product-type-simple"},"_links":{"self":[{"href":"https:\/\/rubi.com.py\/index.php\/wp-json\/wp\/v2\/product\/3465","targetHints":{"allow":["GET"]}}],"collection":[{"href":"https:\/\/rubi.com.py\/index.php\/wp-json\/wp\/v2\/product"}],"about":[{"href":"https:\/\/rubi.com.py\/index.php\/wp-json\/wp\/v2\/types\/product"}],"replies":[{"embeddable":true,"href":"https:\/\/rubi.com.py\/index.php\/wp-json\/wp\/v2\/comments?post=3465"}],"wp:featuredmedia":[{"embeddable":true,"href":"https:\/\/rubi.com.py\/index.php\/wp-json\/wp\/v2\/media\/3464"}],"wp:attachment":[{"href":"https:\/\/rubi.com.py\/index.php\/wp-json\/wp\/v2\/media?parent=3465"}],"wp:term":[{"taxonomy":"product_brand","embeddable":true,"href":"https:\/\/rubi.com.py\/index.php\/wp-json\/wp\/v2\/product_brand?post=3465"},{"taxonomy":"product_cat","embeddable":true,"href":"https:\/\/rubi.com.py\/index.php\/wp-json\/wp\/v2\/product_cat?post=3465"},{"taxonomy":"product_tag","embeddable":true,"href":"https:\/\/rubi.com.py\/index.php\/wp-json\/wp\/v2\/product_tag?post=3465"}],"curies":[{"name":"wp","href":"https:\/\/api.w.org\/{rel}","templated":true}]}}