{"id":3478,"date":"2026-04-18T20:59:25","date_gmt":"2026-04-18T18:59:25","guid":{"rendered":"https:\/\/rubi.com.py\/index.php\/producto\/mochila-de-compresion-de-vacio-air-kolke-kvm-722\/"},"modified":"2026-04-18T20:59:25","modified_gmt":"2026-04-18T18:59:25","slug":"mochila-de-compresion-de-vacio-air-kolke-kvm-722","status":"publish","type":"product","link":"https:\/\/rubi.com.py\/index.php\/producto\/mochila-de-compresion-de-vacio-air-kolke-kvm-722\/","title":{"rendered":"MOCHILA DE COMPRESION DE VACIO AIR KOLKE KVM-722"},"content":{"rendered":"<p>MOCHILA DE COMPRESION DE VACIO AIR KOLKE KVM-722 Caracter\u00edsticas: -Mochila grande multifuncional, ideal para viajes. -Mochila comprimible con bomba: bolsillo interior de compresi\u00f3n al vac\u00edo. -Dos compartimentos con doble cierre. -Dos bolsillos frontales con cierre. -Bolsillo lateral. -Gran capacidad y dise\u00f1o de expansi\u00f3n. -Espalda acolchonada con correa para colocar en la valija y bolsillo escondido. -M\u00faltiples separadores y organizadores. -Asa superior de transporte. -Waterproof (resistente al agua). -Material: Confeccionada en cuero 1800D, asegurando que tus pertenencias se mantengan secas. -Dimensiones: 49 x 31 x 22 cm. -Bomba de vac\u00edo: Soluci\u00f3n que ahorra espacio. -Elimina el aire del bolsillo haciendo vac\u00edo, lo que reduce el tama\u00f1o del equipaje.<\/p>\n","protected":false},"excerpt":{"rendered":"<p>MOCHILA DE COMPRESION DE VACIO AIR KOLKE KVM-722<\/p>\n","protected":false},"featured_media":0,"comment_status":"open","ping_status":"closed","template":"","meta":{"_et_pb_use_builder":"","_et_pb_old_content":"","_et_gb_content_width":""},"product_brand":[],"product_cat":[38],"product_tag":[],"class_list":{"0":"post-3478","1":"product","2":"type-product","3":"status-publish","5":"product_cat-hogar-y-limpieza","7":"first","8":"instock","9":"shipping-taxable","10":"purchasable","11":"product-type-simple"},"_links":{"self":[{"href":"https:\/\/rubi.com.py\/index.php\/wp-json\/wp\/v2\/product\/3478","targetHints":{"allow":["GET"]}}],"collection":[{"href":"https:\/\/rubi.com.py\/index.php\/wp-json\/wp\/v2\/product"}],"about":[{"href":"https:\/\/rubi.com.py\/index.php\/wp-json\/wp\/v2\/types\/product"}],"replies":[{"embeddable":true,"href":"https:\/\/rubi.com.py\/index.php\/wp-json\/wp\/v2\/comments?post=3478"}],"wp:attachment":[{"href":"https:\/\/rubi.com.py\/index.php\/wp-json\/wp\/v2\/media?parent=3478"}],"wp:term":[{"taxonomy":"product_brand","embeddable":true,"href":"https:\/\/rubi.com.py\/index.php\/wp-json\/wp\/v2\/product_brand?post=3478"},{"taxonomy":"product_cat","embeddable":true,"href":"https:\/\/rubi.com.py\/index.php\/wp-json\/wp\/v2\/product_cat?post=3478"},{"taxonomy":"product_tag","embeddable":true,"href":"https:\/\/rubi.com.py\/index.php\/wp-json\/wp\/v2\/product_tag?post=3478"}],"curies":[{"name":"wp","href":"https:\/\/api.w.org\/{rel}","templated":true}]}}