{"id":3480,"date":"2026-04-18T20:59:45","date_gmt":"2026-04-18T18:59:45","guid":{"rendered":"https:\/\/rubi.com.py\/index.php\/producto\/kit-4-en-1-perfection-secador-planchita-buclera-y-cepillo-nappo-npk-271\/"},"modified":"2026-04-18T20:59:45","modified_gmt":"2026-04-18T18:59:45","slug":"kit-4-en-1-perfection-secador-planchita-buclera-y-cepillo-nappo-npk-271","status":"publish","type":"product","link":"https:\/\/rubi.com.py\/index.php\/producto\/kit-4-en-1-perfection-secador-planchita-buclera-y-cepillo-nappo-npk-271\/","title":{"rendered":"KIT 4 EN 1 PERFECTION: SECADOR, PLANCHITA, BUCLERA Y CEPILLO NAPPO NPK-271"},"content":{"rendered":"<p>KIT 4 EN 1 PERFECTION: SECADOR, PLANCHITA, BUCLERA Y CEPILLO NAPPO NPK-271 Caracter\u00edsticas: *Secador -Potencia: 2400 W.Regulador de aire de 2 niveles.Regulador de temperatura de 3 niveles.Bot\u00f3n de fr\u00edo.Gancho para colgar. *Buclera -Potencia: 32 W.Tubo rizador de hierro.Temperatura 180\u00b0C.Gancho para colgar. *Planchita -Potencia: 35 W.Placas de aluminio con revestimiento cer\u00e1mico.Temperatura 210\u00b0C.Gancho para colgar.<\/p>\n","protected":false},"excerpt":{"rendered":"<p>KIT 4 EN 1 PERFECTION: SECADOR, PLANCHITA, BUCLERA Y CEPILLO NAPPO NPK-271<\/p>\n","protected":false},"featured_media":3479,"comment_status":"open","ping_status":"closed","template":"","meta":{"_et_pb_use_builder":"","_et_pb_old_content":"","_et_gb_content_width":""},"product_brand":[],"product_cat":[45],"product_tag":[],"class_list":{"0":"post-3480","1":"product","2":"type-product","3":"status-publish","4":"has-post-thumbnail","6":"product_cat-salud-y-belleza","8":"first","9":"instock","10":"shipping-taxable","11":"purchasable","12":"product-type-simple"},"_links":{"self":[{"href":"https:\/\/rubi.com.py\/index.php\/wp-json\/wp\/v2\/product\/3480","targetHints":{"allow":["GET"]}}],"collection":[{"href":"https:\/\/rubi.com.py\/index.php\/wp-json\/wp\/v2\/product"}],"about":[{"href":"https:\/\/rubi.com.py\/index.php\/wp-json\/wp\/v2\/types\/product"}],"replies":[{"embeddable":true,"href":"https:\/\/rubi.com.py\/index.php\/wp-json\/wp\/v2\/comments?post=3480"}],"wp:featuredmedia":[{"embeddable":true,"href":"https:\/\/rubi.com.py\/index.php\/wp-json\/wp\/v2\/media\/3479"}],"wp:attachment":[{"href":"https:\/\/rubi.com.py\/index.php\/wp-json\/wp\/v2\/media?parent=3480"}],"wp:term":[{"taxonomy":"product_brand","embeddable":true,"href":"https:\/\/rubi.com.py\/index.php\/wp-json\/wp\/v2\/product_brand?post=3480"},{"taxonomy":"product_cat","embeddable":true,"href":"https:\/\/rubi.com.py\/index.php\/wp-json\/wp\/v2\/product_cat?post=3480"},{"taxonomy":"product_tag","embeddable":true,"href":"https:\/\/rubi.com.py\/index.php\/wp-json\/wp\/v2\/product_tag?post=3480"}],"curies":[{"name":"wp","href":"https:\/\/api.w.org\/{rel}","templated":true}]}}