{"id":3482,"date":"2026-04-18T21:00:03","date_gmt":"2026-04-18T19:00:03","guid":{"rendered":"https:\/\/rubi.com.py\/index.php\/producto\/secador-de-pelo-con-accesorios-nappo-nps-272\/"},"modified":"2026-04-18T21:00:03","modified_gmt":"2026-04-18T19:00:03","slug":"secador-de-pelo-con-accesorios-nappo-nps-272","status":"publish","type":"product","link":"https:\/\/rubi.com.py\/index.php\/producto\/secador-de-pelo-con-accesorios-nappo-nps-272\/","title":{"rendered":"SECADOR DE PELO CON ACCESORIOS NAPPO NPS-272"},"content":{"rendered":"<p>SECADOR DE PELO CON ACCESORIOS NAPPO NPS-272 Caracter\u00edsticas: -Potencia: 2400W. -Regulador de aire de 2 niveles. -Regulador de temperatura de 3 niveles. -Bot\u00f3n de aire fr\u00edo. -Cable de 1,60m de largo. -Gancho para colgar. -Incluye: concentrador, difusor, 2 pinzas y cepillo.<\/p>\n","protected":false},"excerpt":{"rendered":"<p>SECADOR DE PELO CON ACCESORIOS NAPPO NPS-272<\/p>\n","protected":false},"featured_media":3481,"comment_status":"open","ping_status":"closed","template":"","meta":{"_et_pb_use_builder":"","_et_pb_old_content":"","_et_gb_content_width":""},"product_brand":[],"product_cat":[45],"product_tag":[],"class_list":{"0":"post-3482","1":"product","2":"type-product","3":"status-publish","4":"has-post-thumbnail","6":"product_cat-salud-y-belleza","8":"first","9":"instock","10":"shipping-taxable","11":"purchasable","12":"product-type-simple"},"_links":{"self":[{"href":"https:\/\/rubi.com.py\/index.php\/wp-json\/wp\/v2\/product\/3482","targetHints":{"allow":["GET"]}}],"collection":[{"href":"https:\/\/rubi.com.py\/index.php\/wp-json\/wp\/v2\/product"}],"about":[{"href":"https:\/\/rubi.com.py\/index.php\/wp-json\/wp\/v2\/types\/product"}],"replies":[{"embeddable":true,"href":"https:\/\/rubi.com.py\/index.php\/wp-json\/wp\/v2\/comments?post=3482"}],"wp:featuredmedia":[{"embeddable":true,"href":"https:\/\/rubi.com.py\/index.php\/wp-json\/wp\/v2\/media\/3481"}],"wp:attachment":[{"href":"https:\/\/rubi.com.py\/index.php\/wp-json\/wp\/v2\/media?parent=3482"}],"wp:term":[{"taxonomy":"product_brand","embeddable":true,"href":"https:\/\/rubi.com.py\/index.php\/wp-json\/wp\/v2\/product_brand?post=3482"},{"taxonomy":"product_cat","embeddable":true,"href":"https:\/\/rubi.com.py\/index.php\/wp-json\/wp\/v2\/product_cat?post=3482"},{"taxonomy":"product_tag","embeddable":true,"href":"https:\/\/rubi.com.py\/index.php\/wp-json\/wp\/v2\/product_tag?post=3482"}],"curies":[{"name":"wp","href":"https:\/\/api.w.org\/{rel}","templated":true}]}}