{"id":3484,"date":"2026-04-18T21:00:22","date_gmt":"2026-04-18T19:00:22","guid":{"rendered":"https:\/\/rubi.com.py\/index.php\/producto\/set-de-planchita-proslim-con-accesorios-nappo-npp-273\/"},"modified":"2026-04-18T21:00:22","modified_gmt":"2026-04-18T19:00:22","slug":"set-de-planchita-proslim-con-accesorios-nappo-npp-273","status":"publish","type":"product","link":"https:\/\/rubi.com.py\/index.php\/producto\/set-de-planchita-proslim-con-accesorios-nappo-npp-273\/","title":{"rendered":"SET DE PLANCHITA PROSLIM CON ACCESORIOS NAPPO NPP-273"},"content":{"rendered":"<p>SET DE PLANCHITA PROSLIM CON ACCESORIOS NAPPO NPP-273 Caracter\u00edsticas: -Potencia: 50 W. -Ajuste de temperatura desde 110\u00b0C a 230\u00b0C. -Pantalla LED digital de visualizaci\u00f3n de temperatura. -Barra indicadora de estado de calentamiento. -Elemento calefactor PTC. -Apagado autom\u00e1tico a los 60 min. -Material de la placa calefactora: Aluminio. -Dimensiones de la placa calefactora: 11,9 x 2,5 cm. -Funci\u00f3n de bloqueo -Cable de alimentaci\u00f3n giratorio de 360\u00b0 y presilla para colgar. -Interruptor de encendido\/apagado y botones de ajuste de temperatura. -Incluye: alfombrilla t\u00e9rmica resistente al calor, pinzas y peine. -Dimensiones producto: 33 x 3,1 \u00d7 3,2 cm. -Alimentaci\u00f3n: 110 V-240V ~ 50\/60Hz.<\/p>\n","protected":false},"excerpt":{"rendered":"<p>SET DE PLANCHITA PROSLIM CON ACCESORIOS NAPPO NPP-273<\/p>\n","protected":false},"featured_media":3483,"comment_status":"open","ping_status":"closed","template":"","meta":{"_et_pb_use_builder":"","_et_pb_old_content":"","_et_gb_content_width":""},"product_brand":[],"product_cat":[45],"product_tag":[],"class_list":{"0":"post-3484","1":"product","2":"type-product","3":"status-publish","4":"has-post-thumbnail","6":"product_cat-salud-y-belleza","8":"first","9":"instock","10":"shipping-taxable","11":"purchasable","12":"product-type-simple"},"_links":{"self":[{"href":"https:\/\/rubi.com.py\/index.php\/wp-json\/wp\/v2\/product\/3484","targetHints":{"allow":["GET"]}}],"collection":[{"href":"https:\/\/rubi.com.py\/index.php\/wp-json\/wp\/v2\/product"}],"about":[{"href":"https:\/\/rubi.com.py\/index.php\/wp-json\/wp\/v2\/types\/product"}],"replies":[{"embeddable":true,"href":"https:\/\/rubi.com.py\/index.php\/wp-json\/wp\/v2\/comments?post=3484"}],"wp:featuredmedia":[{"embeddable":true,"href":"https:\/\/rubi.com.py\/index.php\/wp-json\/wp\/v2\/media\/3483"}],"wp:attachment":[{"href":"https:\/\/rubi.com.py\/index.php\/wp-json\/wp\/v2\/media?parent=3484"}],"wp:term":[{"taxonomy":"product_brand","embeddable":true,"href":"https:\/\/rubi.com.py\/index.php\/wp-json\/wp\/v2\/product_brand?post=3484"},{"taxonomy":"product_cat","embeddable":true,"href":"https:\/\/rubi.com.py\/index.php\/wp-json\/wp\/v2\/product_cat?post=3484"},{"taxonomy":"product_tag","embeddable":true,"href":"https:\/\/rubi.com.py\/index.php\/wp-json\/wp\/v2\/product_tag?post=3484"}],"curies":[{"name":"wp","href":"https:\/\/api.w.org\/{rel}","templated":true}]}}