{"id":3502,"date":"2026-04-18T21:12:37","date_gmt":"2026-04-18T19:12:37","guid":{"rendered":"https:\/\/rubi.com.py\/index.php\/producto\/set-recipientes-de-vidrio-croix-tapa-hermetica-y-valvula-crt-030\/"},"modified":"2026-04-18T21:12:37","modified_gmt":"2026-04-18T19:12:37","slug":"set-recipientes-de-vidrio-croix-tapa-hermetica-y-valvula-crt-030","status":"publish","type":"product","link":"https:\/\/rubi.com.py\/index.php\/producto\/set-recipientes-de-vidrio-croix-tapa-hermetica-y-valvula-crt-030\/","title":{"rendered":"SET RECIPIENTES DE VIDRIO CROIX, TAPA HERM\u00c9TICA Y V\u00c1LVULA CRT-030"},"content":{"rendered":"<p>SET RECIPIENTES DE VIDRIO CROIX, TAPA HERM\u00c9TICA Y V\u00c1LVULA CRT-030 Caracter\u00edsticas: Juego de 4 recipientes con tapa herm\u00e9tica y v\u00e1lvula, ideales para almacenar una variedad de alimentos. Sistema de bloqueo a presi\u00f3n y tapa con sellado de aire para mantener la frescura de los alimentos. Aptos para horno (hasta 400\u00b0C) y microondas (sin las tapas). Tambi\u00e9n pueden utilizarse en el congelador y lavarse en el lavavajillas. Materiales de alta calidad: Vidrio de borosilicato resistente y tapas de pl\u00e1stico libres de BPA. Vidrio transparente, permite ver el contenido sin necesidad de abrir la tapa, preservando mejor la frescura y el sabor. Dise\u00f1o moderno, apilable y modular, optimiza el espacio en la cocina. Reutilizables, resistentes a manchas y olores. Incluye: 4 recipientes de 640 ml (16.9 x 12.3 x 5.3 cm).<\/p>\n","protected":false},"excerpt":{"rendered":"<p>SET RECIPIENTES DE VIDRIO CROIX, TAPA HERM\u00c9TICA Y V\u00c1LVULA CRT-030<\/p>\n","protected":false},"featured_media":3501,"comment_status":"open","ping_status":"closed","template":"","meta":{"_et_pb_use_builder":"","_et_pb_old_content":"","_et_gb_content_width":""},"product_brand":[],"product_cat":[33],"product_tag":[],"class_list":{"0":"post-3502","1":"product","2":"type-product","3":"status-publish","4":"has-post-thumbnail","6":"product_cat-cocina-y-comedor","8":"first","9":"instock","10":"shipping-taxable","11":"purchasable","12":"product-type-simple"},"_links":{"self":[{"href":"https:\/\/rubi.com.py\/index.php\/wp-json\/wp\/v2\/product\/3502","targetHints":{"allow":["GET"]}}],"collection":[{"href":"https:\/\/rubi.com.py\/index.php\/wp-json\/wp\/v2\/product"}],"about":[{"href":"https:\/\/rubi.com.py\/index.php\/wp-json\/wp\/v2\/types\/product"}],"replies":[{"embeddable":true,"href":"https:\/\/rubi.com.py\/index.php\/wp-json\/wp\/v2\/comments?post=3502"}],"wp:featuredmedia":[{"embeddable":true,"href":"https:\/\/rubi.com.py\/index.php\/wp-json\/wp\/v2\/media\/3501"}],"wp:attachment":[{"href":"https:\/\/rubi.com.py\/index.php\/wp-json\/wp\/v2\/media?parent=3502"}],"wp:term":[{"taxonomy":"product_brand","embeddable":true,"href":"https:\/\/rubi.com.py\/index.php\/wp-json\/wp\/v2\/product_brand?post=3502"},{"taxonomy":"product_cat","embeddable":true,"href":"https:\/\/rubi.com.py\/index.php\/wp-json\/wp\/v2\/product_cat?post=3502"},{"taxonomy":"product_tag","embeddable":true,"href":"https:\/\/rubi.com.py\/index.php\/wp-json\/wp\/v2\/product_tag?post=3502"}],"curies":[{"name":"wp","href":"https:\/\/api.w.org\/{rel}","templated":true}]}}