{"id":3506,"date":"2026-04-18T21:13:21","date_gmt":"2026-04-18T19:13:21","guid":{"rendered":"https:\/\/rubi.com.py\/index.php\/producto\/mochila-anti-robo-journey-kvm-654-rosa\/"},"modified":"2026-04-18T21:13:21","modified_gmt":"2026-04-18T19:13:21","slug":"mochila-anti-robo-journey-kvm-654-rosa","status":"publish","type":"product","link":"https:\/\/rubi.com.py\/index.php\/producto\/mochila-anti-robo-journey-kvm-654-rosa\/","title":{"rendered":"MOCHILA ANTI-ROBO JOURNEY KVM-654 ROSA"},"content":{"rendered":"<p>MOCHILA ANTI-ROBO JOURNEY KVM-654 ROSA Caracter\u00edsticas: -Seguridad Anti-robo: Bolsillo con cierre antirrobo en la parte posterior. -Waterproof (resistente al agua). -Puerto exterior USB de carga. -Dos compartimentos principales y dos espec\u00edficos para laptops o equipos electr\u00f3nicos. -Se adapta a la mayor\u00eda de port\u00e1tiles de 17&#8243;. -Compartimento h\u00famedo impermeable. -Compartimento separado para zapatos.<\/p>\n","protected":false},"excerpt":{"rendered":"<p>MOCHILA ANTI-ROBO JOURNEY KVM-654 ROSA<\/p>\n","protected":false},"featured_media":3505,"comment_status":"open","ping_status":"closed","template":"","meta":{"_et_pb_use_builder":"","_et_pb_old_content":"","_et_gb_content_width":""},"product_brand":[],"product_cat":[38],"product_tag":[],"class_list":{"0":"post-3506","1":"product","2":"type-product","3":"status-publish","4":"has-post-thumbnail","6":"product_cat-hogar-y-limpieza","8":"first","9":"instock","10":"shipping-taxable","11":"purchasable","12":"product-type-simple"},"_links":{"self":[{"href":"https:\/\/rubi.com.py\/index.php\/wp-json\/wp\/v2\/product\/3506","targetHints":{"allow":["GET"]}}],"collection":[{"href":"https:\/\/rubi.com.py\/index.php\/wp-json\/wp\/v2\/product"}],"about":[{"href":"https:\/\/rubi.com.py\/index.php\/wp-json\/wp\/v2\/types\/product"}],"replies":[{"embeddable":true,"href":"https:\/\/rubi.com.py\/index.php\/wp-json\/wp\/v2\/comments?post=3506"}],"wp:featuredmedia":[{"embeddable":true,"href":"https:\/\/rubi.com.py\/index.php\/wp-json\/wp\/v2\/media\/3505"}],"wp:attachment":[{"href":"https:\/\/rubi.com.py\/index.php\/wp-json\/wp\/v2\/media?parent=3506"}],"wp:term":[{"taxonomy":"product_brand","embeddable":true,"href":"https:\/\/rubi.com.py\/index.php\/wp-json\/wp\/v2\/product_brand?post=3506"},{"taxonomy":"product_cat","embeddable":true,"href":"https:\/\/rubi.com.py\/index.php\/wp-json\/wp\/v2\/product_cat?post=3506"},{"taxonomy":"product_tag","embeddable":true,"href":"https:\/\/rubi.com.py\/index.php\/wp-json\/wp\/v2\/product_tag?post=3506"}],"curies":[{"name":"wp","href":"https:\/\/api.w.org\/{rel}","templated":true}]}}