{"id":3507,"date":"2026-04-18T21:13:41","date_gmt":"2026-04-18T19:13:41","guid":{"rendered":"https:\/\/rubi.com.py\/index.php\/producto\/mouse-optico-kolke-vertical-kem-717\/"},"modified":"2026-04-18T21:13:41","modified_gmt":"2026-04-18T19:13:41","slug":"mouse-optico-kolke-vertical-kem-717","status":"publish","type":"product","link":"https:\/\/rubi.com.py\/index.php\/producto\/mouse-optico-kolke-vertical-kem-717\/","title":{"rendered":"MOUSE OPTICO KOLKE VERTICAL KEM-717"},"content":{"rendered":"<p>MOUSE OPTICO KOLKE VERTICAL KEM-717 Caracter\u00edsticas: -Dise\u00f1o Vertical Ergon\u00f3mico. -Conexi\u00f3n 2.4G. -Bater\u00eda recargable 500 mAh. -6 Botones. -Resoluci\u00f3n ajustable 800\/ 1200\/ 1600 DPI.<\/p>\n","protected":false},"excerpt":{"rendered":"<p>MOUSE OPTICO KOLKE VERTICAL KEM-717<\/p>\n","protected":false},"featured_media":0,"comment_status":"open","ping_status":"closed","template":"","meta":{"_et_pb_use_builder":"","_et_pb_old_content":"","_et_gb_content_width":""},"product_brand":[],"product_cat":[46],"product_tag":[],"class_list":{"0":"post-3507","1":"product","2":"type-product","3":"status-publish","5":"product_cat-tecnologia","7":"first","8":"instock","9":"shipping-taxable","10":"purchasable","11":"product-type-simple"},"_links":{"self":[{"href":"https:\/\/rubi.com.py\/index.php\/wp-json\/wp\/v2\/product\/3507","targetHints":{"allow":["GET"]}}],"collection":[{"href":"https:\/\/rubi.com.py\/index.php\/wp-json\/wp\/v2\/product"}],"about":[{"href":"https:\/\/rubi.com.py\/index.php\/wp-json\/wp\/v2\/types\/product"}],"replies":[{"embeddable":true,"href":"https:\/\/rubi.com.py\/index.php\/wp-json\/wp\/v2\/comments?post=3507"}],"wp:attachment":[{"href":"https:\/\/rubi.com.py\/index.php\/wp-json\/wp\/v2\/media?parent=3507"}],"wp:term":[{"taxonomy":"product_brand","embeddable":true,"href":"https:\/\/rubi.com.py\/index.php\/wp-json\/wp\/v2\/product_brand?post=3507"},{"taxonomy":"product_cat","embeddable":true,"href":"https:\/\/rubi.com.py\/index.php\/wp-json\/wp\/v2\/product_cat?post=3507"},{"taxonomy":"product_tag","embeddable":true,"href":"https:\/\/rubi.com.py\/index.php\/wp-json\/wp\/v2\/product_tag?post=3507"}],"curies":[{"name":"wp","href":"https:\/\/api.w.org\/{rel}","templated":true}]}}