{"id":3509,"date":"2026-04-18T21:13:59","date_gmt":"2026-04-18T19:13:59","guid":{"rendered":"https:\/\/rubi.com.py\/index.php\/producto\/kit-de-teclado-y-mouse-kolke-inalambrico-bt-rosa-kek-718\/"},"modified":"2026-04-18T21:13:59","modified_gmt":"2026-04-18T19:13:59","slug":"kit-de-teclado-y-mouse-kolke-inalambrico-bt-rosa-kek-718","status":"publish","type":"product","link":"https:\/\/rubi.com.py\/index.php\/producto\/kit-de-teclado-y-mouse-kolke-inalambrico-bt-rosa-kek-718\/","title":{"rendered":"KIT DE TECLADO Y MOUSE KOLKE INALAMBRICO BT ROSA KEK-718"},"content":{"rendered":"<p>KIT DE TECLADO Y MOUSE KOLKE INALAMBRICO BT ROSA KEK-718 Caracter\u00edsticas: -Kit de conexi\u00f3n inal\u00e1mbrica V5.2 -Mouse \u00f3ptico con DPI ajustable: 800 \/ 1200 \/ 1600. -Teclado multimedia de 78 teclas (10 multimedia). -Bater\u00eda recargable: 150mAh.<\/p>\n","protected":false},"excerpt":{"rendered":"<p>KIT DE TECLADO Y MOUSE KOLKE INALAMBRICO BT ROSA KEK-718<\/p>\n","protected":false},"featured_media":3508,"comment_status":"open","ping_status":"closed","template":"","meta":{"_et_pb_use_builder":"","_et_pb_old_content":"","_et_gb_content_width":""},"product_brand":[],"product_cat":[46],"product_tag":[],"class_list":{"0":"post-3509","1":"product","2":"type-product","3":"status-publish","4":"has-post-thumbnail","6":"product_cat-tecnologia","8":"first","9":"instock","10":"shipping-taxable","11":"purchasable","12":"product-type-simple"},"_links":{"self":[{"href":"https:\/\/rubi.com.py\/index.php\/wp-json\/wp\/v2\/product\/3509","targetHints":{"allow":["GET"]}}],"collection":[{"href":"https:\/\/rubi.com.py\/index.php\/wp-json\/wp\/v2\/product"}],"about":[{"href":"https:\/\/rubi.com.py\/index.php\/wp-json\/wp\/v2\/types\/product"}],"replies":[{"embeddable":true,"href":"https:\/\/rubi.com.py\/index.php\/wp-json\/wp\/v2\/comments?post=3509"}],"wp:featuredmedia":[{"embeddable":true,"href":"https:\/\/rubi.com.py\/index.php\/wp-json\/wp\/v2\/media\/3508"}],"wp:attachment":[{"href":"https:\/\/rubi.com.py\/index.php\/wp-json\/wp\/v2\/media?parent=3509"}],"wp:term":[{"taxonomy":"product_brand","embeddable":true,"href":"https:\/\/rubi.com.py\/index.php\/wp-json\/wp\/v2\/product_brand?post=3509"},{"taxonomy":"product_cat","embeddable":true,"href":"https:\/\/rubi.com.py\/index.php\/wp-json\/wp\/v2\/product_cat?post=3509"},{"taxonomy":"product_tag","embeddable":true,"href":"https:\/\/rubi.com.py\/index.php\/wp-json\/wp\/v2\/product_tag?post=3509"}],"curies":[{"name":"wp","href":"https:\/\/api.w.org\/{rel}","templated":true}]}}