{"id":3519,"date":"2026-04-18T21:15:58","date_gmt":"2026-04-18T19:15:58","guid":{"rendered":"https:\/\/rubi.com.py\/index.php\/producto\/limpia-vidrios-electrico-con-sopapa-nlv-253-nappo\/"},"modified":"2026-04-18T21:15:58","modified_gmt":"2026-04-18T19:15:58","slug":"limpia-vidrios-electrico-con-sopapa-nlv-253-nappo","status":"publish","type":"product","link":"https:\/\/rubi.com.py\/index.php\/producto\/limpia-vidrios-electrico-con-sopapa-nlv-253-nappo\/","title":{"rendered":"LIMPIA VIDRIOS ELECTRICO CON SOPAPA NLV-253 NAPPO"},"content":{"rendered":"<p>LIMPIA VIDRIOS ELECTRICO CON SOPAPA NLV-253 NAPPO Caracter\u00edsticas: -Con un rociador de agua. -Tanque de agua de 32ml. -Apto para cualquier tipo de vidrio. -Limpieza autom\u00e1tica con IA. -UPS antica\u00edda incorporada. -Detecci\u00f3n autom\u00e1tica del marco de la ventana. -Adaptador con cable de 5,2m.<\/p>\n","protected":false},"excerpt":{"rendered":"<p>LIMPIA VIDRIOS ELECTRICO CON SOPAPA NLV-253 NAPPO<\/p>\n","protected":false},"featured_media":3518,"comment_status":"open","ping_status":"closed","template":"","meta":{"_et_pb_use_builder":"","_et_pb_old_content":"","_et_gb_content_width":""},"product_brand":[],"product_cat":[38],"product_tag":[],"class_list":{"0":"post-3519","1":"product","2":"type-product","3":"status-publish","4":"has-post-thumbnail","6":"product_cat-hogar-y-limpieza","8":"first","9":"instock","10":"shipping-taxable","11":"purchasable","12":"product-type-simple"},"_links":{"self":[{"href":"https:\/\/rubi.com.py\/index.php\/wp-json\/wp\/v2\/product\/3519","targetHints":{"allow":["GET"]}}],"collection":[{"href":"https:\/\/rubi.com.py\/index.php\/wp-json\/wp\/v2\/product"}],"about":[{"href":"https:\/\/rubi.com.py\/index.php\/wp-json\/wp\/v2\/types\/product"}],"replies":[{"embeddable":true,"href":"https:\/\/rubi.com.py\/index.php\/wp-json\/wp\/v2\/comments?post=3519"}],"wp:featuredmedia":[{"embeddable":true,"href":"https:\/\/rubi.com.py\/index.php\/wp-json\/wp\/v2\/media\/3518"}],"wp:attachment":[{"href":"https:\/\/rubi.com.py\/index.php\/wp-json\/wp\/v2\/media?parent=3519"}],"wp:term":[{"taxonomy":"product_brand","embeddable":true,"href":"https:\/\/rubi.com.py\/index.php\/wp-json\/wp\/v2\/product_brand?post=3519"},{"taxonomy":"product_cat","embeddable":true,"href":"https:\/\/rubi.com.py\/index.php\/wp-json\/wp\/v2\/product_cat?post=3519"},{"taxonomy":"product_tag","embeddable":true,"href":"https:\/\/rubi.com.py\/index.php\/wp-json\/wp\/v2\/product_tag?post=3519"}],"curies":[{"name":"wp","href":"https:\/\/api.w.org\/{rel}","templated":true}]}}