{"id":3523,"date":"2026-04-18T21:17:46","date_gmt":"2026-04-18T19:17:46","guid":{"rendered":"https:\/\/rubi.com.py\/index.php\/producto\/smartwatch-kolke-kvr-713-azul\/"},"modified":"2026-04-18T21:17:46","modified_gmt":"2026-04-18T19:17:46","slug":"smartwatch-kolke-kvr-713-azul","status":"publish","type":"product","link":"https:\/\/rubi.com.py\/index.php\/producto\/smartwatch-kolke-kvr-713-azul\/","title":{"rendered":"SMARTWATCH KOLKE KVR-713 AZUL"},"content":{"rendered":"<p>SMARTWATCH KOLKE KVR-713 AZUL Caracter\u00edsticas: \u00b7 Pantalla full touch TFT de 1,46\u201d (360 x 360). \u00b7 Bater\u00eda recargable de 3.8V ~ 230mAh. \u00b7 Autonom\u00eda: 3-5 d\u00edas de uso (seg\u00fan uso) \/10-20 d\u00edas en Stand by. \u00b7 Conexi\u00f3n BT versi\u00f3n 5.3 BLE + B\u00e1sico 3.0. \u00b7 Carcasa de aleaci\u00f3n de zinc y pl\u00e1stico, correa de silicona. \u00b7 Permite realizar, responder y rechazar llamadas, ver registros de llamadas y agregar contactos frecuentes. \u00b7 Gesti\u00f3n de la salud. \u00b7 Registro de ejercicio. \u00b7 Mensaje push: notificaciones de aplicaciones.<\/p>\n","protected":false},"excerpt":{"rendered":"<p>SMARTWATCH KOLKE KVR-713 AZUL<\/p>\n","protected":false},"featured_media":3522,"comment_status":"open","ping_status":"closed","template":"","meta":{"_et_pb_use_builder":"","_et_pb_old_content":"","_et_gb_content_width":""},"product_brand":[],"product_cat":[46],"product_tag":[],"class_list":{"0":"post-3523","1":"product","2":"type-product","3":"status-publish","4":"has-post-thumbnail","6":"product_cat-tecnologia","8":"first","9":"instock","10":"shipping-taxable","11":"purchasable","12":"product-type-simple"},"_links":{"self":[{"href":"https:\/\/rubi.com.py\/index.php\/wp-json\/wp\/v2\/product\/3523","targetHints":{"allow":["GET"]}}],"collection":[{"href":"https:\/\/rubi.com.py\/index.php\/wp-json\/wp\/v2\/product"}],"about":[{"href":"https:\/\/rubi.com.py\/index.php\/wp-json\/wp\/v2\/types\/product"}],"replies":[{"embeddable":true,"href":"https:\/\/rubi.com.py\/index.php\/wp-json\/wp\/v2\/comments?post=3523"}],"wp:featuredmedia":[{"embeddable":true,"href":"https:\/\/rubi.com.py\/index.php\/wp-json\/wp\/v2\/media\/3522"}],"wp:attachment":[{"href":"https:\/\/rubi.com.py\/index.php\/wp-json\/wp\/v2\/media?parent=3523"}],"wp:term":[{"taxonomy":"product_brand","embeddable":true,"href":"https:\/\/rubi.com.py\/index.php\/wp-json\/wp\/v2\/product_brand?post=3523"},{"taxonomy":"product_cat","embeddable":true,"href":"https:\/\/rubi.com.py\/index.php\/wp-json\/wp\/v2\/product_cat?post=3523"},{"taxonomy":"product_tag","embeddable":true,"href":"https:\/\/rubi.com.py\/index.php\/wp-json\/wp\/v2\/product_tag?post=3523"}],"curies":[{"name":"wp","href":"https:\/\/api.w.org\/{rel}","templated":true}]}}