{"id":3527,"date":"2026-04-18T21:18:20","date_gmt":"2026-04-18T19:18:20","guid":{"rendered":"https:\/\/rubi.com.py\/index.php\/producto\/set-recipientes-de-vidrio-croix-redondos-tapa-hermetica-crt-032\/"},"modified":"2026-04-18T21:18:35","modified_gmt":"2026-04-18T19:18:35","slug":"set-recipientes-de-vidrio-croix-redondos-tapa-hermetica-crt-032","status":"publish","type":"product","link":"https:\/\/rubi.com.py\/index.php\/producto\/set-recipientes-de-vidrio-croix-redondos-tapa-hermetica-crt-032\/","title":{"rendered":"SET RECIPIENTES DE VIDRIO CROIX REDONDOS, TAPA HERM\u00c9TICA CRT-032"},"content":{"rendered":"<p>SET RECIPIENTES DE VIDRIO CROIX REDONDOS, TAPA HERM\u00c9TICA CRT-032 Caracter\u00edsticas: 2 contenedores de 400 ml (13 x 5.2 cm) 1 contenedor de 620 ml (14.9 x 5.9 cm) 1 contenedor de 950 ml (17.2 x 6.5 cm).<\/p>\n","protected":false},"excerpt":{"rendered":"<p>SET RECIPIENTES DE VIDRIO CROIX REDONDOS, TAPA HERM\u00c9TICA CRT-032<\/p>\n","protected":false},"featured_media":3528,"comment_status":"open","ping_status":"closed","template":"","meta":{"_et_pb_use_builder":"","_et_pb_old_content":"","_et_gb_content_width":""},"product_brand":[],"product_cat":[33],"product_tag":[],"class_list":{"0":"post-3527","1":"product","2":"type-product","3":"status-publish","4":"has-post-thumbnail","6":"product_cat-cocina-y-comedor","8":"first","9":"instock","10":"shipping-taxable","11":"purchasable","12":"product-type-simple"},"_links":{"self":[{"href":"https:\/\/rubi.com.py\/index.php\/wp-json\/wp\/v2\/product\/3527","targetHints":{"allow":["GET"]}}],"collection":[{"href":"https:\/\/rubi.com.py\/index.php\/wp-json\/wp\/v2\/product"}],"about":[{"href":"https:\/\/rubi.com.py\/index.php\/wp-json\/wp\/v2\/types\/product"}],"replies":[{"embeddable":true,"href":"https:\/\/rubi.com.py\/index.php\/wp-json\/wp\/v2\/comments?post=3527"}],"wp:featuredmedia":[{"embeddable":true,"href":"https:\/\/rubi.com.py\/index.php\/wp-json\/wp\/v2\/media\/3528"}],"wp:attachment":[{"href":"https:\/\/rubi.com.py\/index.php\/wp-json\/wp\/v2\/media?parent=3527"}],"wp:term":[{"taxonomy":"product_brand","embeddable":true,"href":"https:\/\/rubi.com.py\/index.php\/wp-json\/wp\/v2\/product_brand?post=3527"},{"taxonomy":"product_cat","embeddable":true,"href":"https:\/\/rubi.com.py\/index.php\/wp-json\/wp\/v2\/product_cat?post=3527"},{"taxonomy":"product_tag","embeddable":true,"href":"https:\/\/rubi.com.py\/index.php\/wp-json\/wp\/v2\/product_tag?post=3527"}],"curies":[{"name":"wp","href":"https:\/\/api.w.org\/{rel}","templated":true}]}}