{"id":3530,"date":"2026-04-18T21:19:03","date_gmt":"2026-04-18T19:19:03","guid":{"rendered":"https:\/\/rubi.com.py\/index.php\/producto\/cepillo-secador-nappo-nps-246\/"},"modified":"2026-04-18T21:19:03","modified_gmt":"2026-04-18T19:19:03","slug":"cepillo-secador-nappo-nps-246","status":"publish","type":"product","link":"https:\/\/rubi.com.py\/index.php\/producto\/cepillo-secador-nappo-nps-246\/","title":{"rendered":"CEPILLO SECADOR NAPPO NPS-246"},"content":{"rendered":"<p>CEPILLO SECADOR NAPPO NPS-246 Caracter\u00edsticas: -Secado + Peinado a la vez. -La combinaci\u00f3n perfecta entre peine, cepillo alisador, planchita: Seca, Peina, Alisa, da Volumen y movimiento. -Bi Volt Alimentaci\u00f3n: 110-240 V ~ 50\/60 Hz (seleccionable) -Potencia: 1100 W &#8211; 1300 W. -3 velocidades. -2 temperaturas \/ Funci\u00f3n de aire fr\u00edo. -Velocidad: 27000 RPM. -Cable giratorio 360\u00b0 con gancho para colgar.<\/p>\n","protected":false},"excerpt":{"rendered":"<p>CEPILLO SECADOR NAPPO NPS-246<\/p>\n","protected":false},"featured_media":3529,"comment_status":"open","ping_status":"closed","template":"","meta":{"_et_pb_use_builder":"","_et_pb_old_content":"","_et_gb_content_width":""},"product_brand":[],"product_cat":[45],"product_tag":[],"class_list":{"0":"post-3530","1":"product","2":"type-product","3":"status-publish","4":"has-post-thumbnail","6":"product_cat-salud-y-belleza","8":"first","9":"instock","10":"shipping-taxable","11":"purchasable","12":"product-type-simple"},"_links":{"self":[{"href":"https:\/\/rubi.com.py\/index.php\/wp-json\/wp\/v2\/product\/3530","targetHints":{"allow":["GET"]}}],"collection":[{"href":"https:\/\/rubi.com.py\/index.php\/wp-json\/wp\/v2\/product"}],"about":[{"href":"https:\/\/rubi.com.py\/index.php\/wp-json\/wp\/v2\/types\/product"}],"replies":[{"embeddable":true,"href":"https:\/\/rubi.com.py\/index.php\/wp-json\/wp\/v2\/comments?post=3530"}],"wp:featuredmedia":[{"embeddable":true,"href":"https:\/\/rubi.com.py\/index.php\/wp-json\/wp\/v2\/media\/3529"}],"wp:attachment":[{"href":"https:\/\/rubi.com.py\/index.php\/wp-json\/wp\/v2\/media?parent=3530"}],"wp:term":[{"taxonomy":"product_brand","embeddable":true,"href":"https:\/\/rubi.com.py\/index.php\/wp-json\/wp\/v2\/product_brand?post=3530"},{"taxonomy":"product_cat","embeddable":true,"href":"https:\/\/rubi.com.py\/index.php\/wp-json\/wp\/v2\/product_cat?post=3530"},{"taxonomy":"product_tag","embeddable":true,"href":"https:\/\/rubi.com.py\/index.php\/wp-json\/wp\/v2\/product_tag?post=3530"}],"curies":[{"name":"wp","href":"https:\/\/api.w.org\/{rel}","templated":true}]}}