{"id":3534,"date":"2026-04-18T21:19:55","date_gmt":"2026-04-18T19:19:55","guid":{"rendered":"https:\/\/rubi.com.py\/index.php\/producto\/set-de-16pcs-especieros-100ml-vidrio-croix-cme-034\/"},"modified":"2026-04-18T21:19:55","modified_gmt":"2026-04-18T19:19:55","slug":"set-de-16pcs-especieros-100ml-vidrio-croix-cme-034","status":"publish","type":"product","link":"https:\/\/rubi.com.py\/index.php\/producto\/set-de-16pcs-especieros-100ml-vidrio-croix-cme-034\/","title":{"rendered":"SET DE 16PCS ESPECIEROS 100ML VIDRIO CROIX CME-034"},"content":{"rendered":"<p>SET DE 16PCS ESPECIEROS 100ML VIDRIO CROIX CME-034 Caracter\u00edsticas: Este Set de 16 especieros con soporte giratorio en acero inoxidable y frascos de vidrio es el complemento perfecto para tu cocina. Su dise\u00f1o elegante y base giratoria de 360\u00b0 permite acceder de manera r\u00e1pida y f\u00e1cil a tus condimentos favoritos al tiempo que brinda una forma elegante y pr\u00e1ctica de almacenamiento. Gracias a sus frascos con tapas de rosca, asegura la frescura de tus especias condimentos y hierbas conservando su frescura, aroma y gusto.<\/p>\n","protected":false},"excerpt":{"rendered":"<p>SET DE 16PCS ESPECIEROS 100ML VIDRIO CROIX CME-034<\/p>\n","protected":false},"featured_media":3533,"comment_status":"open","ping_status":"closed","template":"","meta":{"_et_pb_use_builder":"","_et_pb_old_content":"","_et_gb_content_width":""},"product_brand":[],"product_cat":[33],"product_tag":[],"class_list":{"0":"post-3534","1":"product","2":"type-product","3":"status-publish","4":"has-post-thumbnail","6":"product_cat-cocina-y-comedor","8":"first","9":"instock","10":"shipping-taxable","11":"purchasable","12":"product-type-simple"},"_links":{"self":[{"href":"https:\/\/rubi.com.py\/index.php\/wp-json\/wp\/v2\/product\/3534","targetHints":{"allow":["GET"]}}],"collection":[{"href":"https:\/\/rubi.com.py\/index.php\/wp-json\/wp\/v2\/product"}],"about":[{"href":"https:\/\/rubi.com.py\/index.php\/wp-json\/wp\/v2\/types\/product"}],"replies":[{"embeddable":true,"href":"https:\/\/rubi.com.py\/index.php\/wp-json\/wp\/v2\/comments?post=3534"}],"wp:featuredmedia":[{"embeddable":true,"href":"https:\/\/rubi.com.py\/index.php\/wp-json\/wp\/v2\/media\/3533"}],"wp:attachment":[{"href":"https:\/\/rubi.com.py\/index.php\/wp-json\/wp\/v2\/media?parent=3534"}],"wp:term":[{"taxonomy":"product_brand","embeddable":true,"href":"https:\/\/rubi.com.py\/index.php\/wp-json\/wp\/v2\/product_brand?post=3534"},{"taxonomy":"product_cat","embeddable":true,"href":"https:\/\/rubi.com.py\/index.php\/wp-json\/wp\/v2\/product_cat?post=3534"},{"taxonomy":"product_tag","embeddable":true,"href":"https:\/\/rubi.com.py\/index.php\/wp-json\/wp\/v2\/product_tag?post=3534"}],"curies":[{"name":"wp","href":"https:\/\/api.w.org\/{rel}","templated":true}]}}