{"id":3538,"date":"2026-04-18T21:20:47","date_gmt":"2026-04-18T19:20:47","guid":{"rendered":"https:\/\/rubi.com.py\/index.php\/producto\/smartwatch-kolke-kvr-716-negro\/"},"modified":"2026-04-18T21:20:47","modified_gmt":"2026-04-18T19:20:47","slug":"smartwatch-kolke-kvr-716-negro","status":"publish","type":"product","link":"https:\/\/rubi.com.py\/index.php\/producto\/smartwatch-kolke-kvr-716-negro\/","title":{"rendered":"SMARTWATCH KOLKE KVR-716 NEGRO"},"content":{"rendered":"<p>SMARTWATCH KOLKE KVR-716 NEGRO Caracter\u00edsticas: -Pantalla t\u00e1ctil de 1,91\u201d (320 x 385). -Pantalla TFT \/ pantalla IPS de color -Bater\u00eda recargable de 230mAh. -Tiempo de carga: 2-3 horas. -Autonom\u00eda: 3-5 d\u00edas de uso con modo llamada activo \/ 7-15 d\u00edas con modo de llamada apagado \/ 25-35 d\u00edas en Stand by. -Conexi\u00f3n BT 5.0. -Cuerpo de metal, carcasa trasera IML, correa de silicona. -Permite realizar, responder y rechazar llamadas, ver registros de llamadas y agregar contactos. -Gesti\u00f3n de la salud<\/p>\n","protected":false},"excerpt":{"rendered":"<p>SMARTWATCH KOLKE KVR-716 NEGRO<\/p>\n","protected":false},"featured_media":3537,"comment_status":"open","ping_status":"closed","template":"","meta":{"_et_pb_use_builder":"","_et_pb_old_content":"","_et_gb_content_width":""},"product_brand":[],"product_cat":[46],"product_tag":[],"class_list":{"0":"post-3538","1":"product","2":"type-product","3":"status-publish","4":"has-post-thumbnail","6":"product_cat-tecnologia","8":"first","9":"instock","10":"shipping-taxable","11":"purchasable","12":"product-type-simple"},"_links":{"self":[{"href":"https:\/\/rubi.com.py\/index.php\/wp-json\/wp\/v2\/product\/3538","targetHints":{"allow":["GET"]}}],"collection":[{"href":"https:\/\/rubi.com.py\/index.php\/wp-json\/wp\/v2\/product"}],"about":[{"href":"https:\/\/rubi.com.py\/index.php\/wp-json\/wp\/v2\/types\/product"}],"replies":[{"embeddable":true,"href":"https:\/\/rubi.com.py\/index.php\/wp-json\/wp\/v2\/comments?post=3538"}],"wp:featuredmedia":[{"embeddable":true,"href":"https:\/\/rubi.com.py\/index.php\/wp-json\/wp\/v2\/media\/3537"}],"wp:attachment":[{"href":"https:\/\/rubi.com.py\/index.php\/wp-json\/wp\/v2\/media?parent=3538"}],"wp:term":[{"taxonomy":"product_brand","embeddable":true,"href":"https:\/\/rubi.com.py\/index.php\/wp-json\/wp\/v2\/product_brand?post=3538"},{"taxonomy":"product_cat","embeddable":true,"href":"https:\/\/rubi.com.py\/index.php\/wp-json\/wp\/v2\/product_cat?post=3538"},{"taxonomy":"product_tag","embeddable":true,"href":"https:\/\/rubi.com.py\/index.php\/wp-json\/wp\/v2\/product_tag?post=3538"}],"curies":[{"name":"wp","href":"https:\/\/api.w.org\/{rel}","templated":true}]}}