{"id":3544,"date":"2026-04-18T21:21:40","date_gmt":"2026-04-18T19:21:40","guid":{"rendered":"https:\/\/rubi.com.py\/index.php\/producto\/cargador-rapido-de-pared-kolke-usb-pd-qc-3-0-kcr-2576-negro\/"},"modified":"2026-04-18T21:21:56","modified_gmt":"2026-04-18T19:21:56","slug":"cargador-rapido-de-pared-kolke-usb-pd-qc-3-0-kcr-2576-negro","status":"publish","type":"product","link":"https:\/\/rubi.com.py\/index.php\/producto\/cargador-rapido-de-pared-kolke-usb-pd-qc-3-0-kcr-2576-negro\/","title":{"rendered":"CARGADOR RAPIDO DE PARED KOLKE USB PD + QC 3.0 KCR-2576 NEGRO"},"content":{"rendered":"<p>CARGADOR RAPIDO DE PARED KOLKE USB PD + QC 3.0 KCR-2576 NEGRO Caracter\u00edsticas: -Carga r\u00e1pida -Tipo C. -Cargador r\u00e1pido de pared USB-C PD + QC 3.0 -Potencia de carga: 20W. -Chip Qualcomm3. -Tecnolog\u00eda Qualcomm Quick Charge 3.0: Carga dispositivos hasta un 75% m\u00e1s r\u00e1pido que la carga convencional. -Puertos: Cargador de carga r\u00e1pida 3.0 y Tipo C. -Dise\u00f1o compacto.<\/p>\n","protected":false},"excerpt":{"rendered":"<p>CARGADOR RAPIDO DE PARED KOLKE USB PD + QC 3.0 KCR-2576 NEGRO<\/p>\n","protected":false},"featured_media":3545,"comment_status":"open","ping_status":"closed","template":"","meta":{"_et_pb_use_builder":"","_et_pb_old_content":"","_et_gb_content_width":""},"product_brand":[],"product_cat":[46],"product_tag":[],"class_list":{"0":"post-3544","1":"product","2":"type-product","3":"status-publish","4":"has-post-thumbnail","6":"product_cat-tecnologia","8":"first","9":"instock","10":"shipping-taxable","11":"purchasable","12":"product-type-simple"},"_links":{"self":[{"href":"https:\/\/rubi.com.py\/index.php\/wp-json\/wp\/v2\/product\/3544","targetHints":{"allow":["GET"]}}],"collection":[{"href":"https:\/\/rubi.com.py\/index.php\/wp-json\/wp\/v2\/product"}],"about":[{"href":"https:\/\/rubi.com.py\/index.php\/wp-json\/wp\/v2\/types\/product"}],"replies":[{"embeddable":true,"href":"https:\/\/rubi.com.py\/index.php\/wp-json\/wp\/v2\/comments?post=3544"}],"wp:featuredmedia":[{"embeddable":true,"href":"https:\/\/rubi.com.py\/index.php\/wp-json\/wp\/v2\/media\/3545"}],"wp:attachment":[{"href":"https:\/\/rubi.com.py\/index.php\/wp-json\/wp\/v2\/media?parent=3544"}],"wp:term":[{"taxonomy":"product_brand","embeddable":true,"href":"https:\/\/rubi.com.py\/index.php\/wp-json\/wp\/v2\/product_brand?post=3544"},{"taxonomy":"product_cat","embeddable":true,"href":"https:\/\/rubi.com.py\/index.php\/wp-json\/wp\/v2\/product_cat?post=3544"},{"taxonomy":"product_tag","embeddable":true,"href":"https:\/\/rubi.com.py\/index.php\/wp-json\/wp\/v2\/product_tag?post=3544"}],"curies":[{"name":"wp","href":"https:\/\/api.w.org\/{rel}","templated":true}]}}