{"id":3562,"date":"2026-04-18T21:25:18","date_gmt":"2026-04-18T19:25:18","guid":{"rendered":"https:\/\/rubi.com.py\/index.php\/producto\/mouse-inalabrico-kolke-24g-kem-704\/"},"modified":"2026-04-18T21:25:18","modified_gmt":"2026-04-18T19:25:18","slug":"mouse-inalabrico-kolke-24g-kem-704","status":"publish","type":"product","link":"https:\/\/rubi.com.py\/index.php\/producto\/mouse-inalabrico-kolke-24g-kem-704\/","title":{"rendered":"MOUSE INALABRICO KOLKE 2,4G KEM-704"},"content":{"rendered":"<p>MOUSE INALABRICO KOLKE 2,4G KEM-704 Caracter\u00edsticas: -Dise\u00f1o ergonomico. -4 botones. -Resoluci\u00f3n ajustable: 800 \/ 1200 \/ 1600 DPI.<\/p>\n","protected":false},"excerpt":{"rendered":"<p>MOUSE INALABRICO KOLKE 2,4G KEM-704<\/p>\n","protected":false},"featured_media":3561,"comment_status":"open","ping_status":"closed","template":"","meta":{"_et_pb_use_builder":"","_et_pb_old_content":"","_et_gb_content_width":""},"product_brand":[],"product_cat":[46],"product_tag":[],"class_list":{"0":"post-3562","1":"product","2":"type-product","3":"status-publish","4":"has-post-thumbnail","6":"product_cat-tecnologia","8":"first","9":"instock","10":"shipping-taxable","11":"purchasable","12":"product-type-simple"},"_links":{"self":[{"href":"https:\/\/rubi.com.py\/index.php\/wp-json\/wp\/v2\/product\/3562","targetHints":{"allow":["GET"]}}],"collection":[{"href":"https:\/\/rubi.com.py\/index.php\/wp-json\/wp\/v2\/product"}],"about":[{"href":"https:\/\/rubi.com.py\/index.php\/wp-json\/wp\/v2\/types\/product"}],"replies":[{"embeddable":true,"href":"https:\/\/rubi.com.py\/index.php\/wp-json\/wp\/v2\/comments?post=3562"}],"wp:featuredmedia":[{"embeddable":true,"href":"https:\/\/rubi.com.py\/index.php\/wp-json\/wp\/v2\/media\/3561"}],"wp:attachment":[{"href":"https:\/\/rubi.com.py\/index.php\/wp-json\/wp\/v2\/media?parent=3562"}],"wp:term":[{"taxonomy":"product_brand","embeddable":true,"href":"https:\/\/rubi.com.py\/index.php\/wp-json\/wp\/v2\/product_brand?post=3562"},{"taxonomy":"product_cat","embeddable":true,"href":"https:\/\/rubi.com.py\/index.php\/wp-json\/wp\/v2\/product_cat?post=3562"},{"taxonomy":"product_tag","embeddable":true,"href":"https:\/\/rubi.com.py\/index.php\/wp-json\/wp\/v2\/product_tag?post=3562"}],"curies":[{"name":"wp","href":"https:\/\/api.w.org\/{rel}","templated":true}]}}