{"id":3563,"date":"2026-04-18T21:25:37","date_gmt":"2026-04-18T19:25:37","guid":{"rendered":"https:\/\/rubi.com.py\/index.php\/producto\/mouse-cableado-kolke-kem-705\/"},"modified":"2026-04-18T21:25:37","modified_gmt":"2026-04-18T19:25:37","slug":"mouse-cableado-kolke-kem-705","status":"publish","type":"product","link":"https:\/\/rubi.com.py\/index.php\/producto\/mouse-cableado-kolke-kem-705\/","title":{"rendered":"MOUSE CABLEADO KOLKE  KEM-705"},"content":{"rendered":"<p>MOUSE CABLEADO KOLKE KEM-705 Caracter\u00edsticas: -Dise\u00f1o ergonomico. -4 botones. -Resoluci\u00f3n ajustable: 800 \/ 1200 \/ 1600 DPI. -Cable de 1,35m.<\/p>\n","protected":false},"excerpt":{"rendered":"<p>MOUSE CABLEADO KOLKE KEM-705<\/p>\n","protected":false},"featured_media":0,"comment_status":"open","ping_status":"closed","template":"","meta":{"_et_pb_use_builder":"","_et_pb_old_content":"","_et_gb_content_width":""},"product_brand":[],"product_cat":[46],"product_tag":[],"class_list":{"0":"post-3563","1":"product","2":"type-product","3":"status-publish","5":"product_cat-tecnologia","7":"first","8":"instock","9":"shipping-taxable","10":"purchasable","11":"product-type-simple"},"_links":{"self":[{"href":"https:\/\/rubi.com.py\/index.php\/wp-json\/wp\/v2\/product\/3563","targetHints":{"allow":["GET"]}}],"collection":[{"href":"https:\/\/rubi.com.py\/index.php\/wp-json\/wp\/v2\/product"}],"about":[{"href":"https:\/\/rubi.com.py\/index.php\/wp-json\/wp\/v2\/types\/product"}],"replies":[{"embeddable":true,"href":"https:\/\/rubi.com.py\/index.php\/wp-json\/wp\/v2\/comments?post=3563"}],"wp:attachment":[{"href":"https:\/\/rubi.com.py\/index.php\/wp-json\/wp\/v2\/media?parent=3563"}],"wp:term":[{"taxonomy":"product_brand","embeddable":true,"href":"https:\/\/rubi.com.py\/index.php\/wp-json\/wp\/v2\/product_brand?post=3563"},{"taxonomy":"product_cat","embeddable":true,"href":"https:\/\/rubi.com.py\/index.php\/wp-json\/wp\/v2\/product_cat?post=3563"},{"taxonomy":"product_tag","embeddable":true,"href":"https:\/\/rubi.com.py\/index.php\/wp-json\/wp\/v2\/product_tag?post=3563"}],"curies":[{"name":"wp","href":"https:\/\/api.w.org\/{rel}","templated":true}]}}