{"id":3587,"date":"2026-04-18T21:30:16","date_gmt":"2026-04-18T19:30:16","guid":{"rendered":"https:\/\/rubi.com.py\/index.php\/producto\/parlante-kolke-inalambrico-4-kboom-kpm-695\/"},"modified":"2026-04-18T21:30:16","modified_gmt":"2026-04-18T19:30:16","slug":"parlante-kolke-inalambrico-4-kboom-kpm-695","status":"publish","type":"product","link":"https:\/\/rubi.com.py\/index.php\/producto\/parlante-kolke-inalambrico-4-kboom-kpm-695\/","title":{"rendered":"PARLANTE KOLKE INALAMBRICO 4&#8243; KBOOM KPM-695"},"content":{"rendered":"<p>PARLANTE KOLKE INALAMBRICO 4&#8243; KBOOM KPM-695 Caracter\u00edsticas: -Woofer de 4\u201d. -Potencia: 30W. -Conexi\u00f3n inl\u00e1mbrica V5.1. -Distancia de operaci\u00f3n: 10 m. -Bater\u00eda recargable de 1200mAh, 3.7V. -Luz Led (se pueden apagar). -Funci\u00f3n TWS (True Wireless Stereo). -Conexi\u00f3n: USB (hasta 32Gb), Micro SD (hasta 32Gb), Aux, Mic 3,5mm. -Radio FM.<\/p>\n","protected":false},"excerpt":{"rendered":"<p>PARLANTE KOLKE INALAMBRICO 4&#8243; KBOOM KPM-695<\/p>\n","protected":false},"featured_media":3586,"comment_status":"open","ping_status":"closed","template":"","meta":{"_et_pb_use_builder":"","_et_pb_old_content":"","_et_gb_content_width":""},"product_brand":[],"product_cat":[46],"product_tag":[],"class_list":{"0":"post-3587","1":"product","2":"type-product","3":"status-publish","4":"has-post-thumbnail","6":"product_cat-tecnologia","8":"first","9":"instock","10":"shipping-taxable","11":"purchasable","12":"product-type-simple"},"_links":{"self":[{"href":"https:\/\/rubi.com.py\/index.php\/wp-json\/wp\/v2\/product\/3587","targetHints":{"allow":["GET"]}}],"collection":[{"href":"https:\/\/rubi.com.py\/index.php\/wp-json\/wp\/v2\/product"}],"about":[{"href":"https:\/\/rubi.com.py\/index.php\/wp-json\/wp\/v2\/types\/product"}],"replies":[{"embeddable":true,"href":"https:\/\/rubi.com.py\/index.php\/wp-json\/wp\/v2\/comments?post=3587"}],"wp:featuredmedia":[{"embeddable":true,"href":"https:\/\/rubi.com.py\/index.php\/wp-json\/wp\/v2\/media\/3586"}],"wp:attachment":[{"href":"https:\/\/rubi.com.py\/index.php\/wp-json\/wp\/v2\/media?parent=3587"}],"wp:term":[{"taxonomy":"product_brand","embeddable":true,"href":"https:\/\/rubi.com.py\/index.php\/wp-json\/wp\/v2\/product_brand?post=3587"},{"taxonomy":"product_cat","embeddable":true,"href":"https:\/\/rubi.com.py\/index.php\/wp-json\/wp\/v2\/product_cat?post=3587"},{"taxonomy":"product_tag","embeddable":true,"href":"https:\/\/rubi.com.py\/index.php\/wp-json\/wp\/v2\/product_tag?post=3587"}],"curies":[{"name":"wp","href":"https:\/\/api.w.org\/{rel}","templated":true}]}}