{"id":3589,"date":"2026-04-18T21:30:35","date_gmt":"2026-04-18T19:30:35","guid":{"rendered":"https:\/\/rubi.com.py\/index.php\/producto\/mouse-optico-inalambrico-2-4g-kem-698\/"},"modified":"2026-04-18T21:30:35","modified_gmt":"2026-04-18T19:30:35","slug":"mouse-optico-inalambrico-2-4g-kem-698","status":"publish","type":"product","link":"https:\/\/rubi.com.py\/index.php\/producto\/mouse-optico-inalambrico-2-4g-kem-698\/","title":{"rendered":"MOUSE OPTICO INALAMBRICO 2.4G KEM-698"},"content":{"rendered":"<p>MOUSE OPTICO INALAMBRICO 2.4G KEM-698 Caracter\u00edsticas: -Mouse \u00f3ptico inal\u00e1mbrico de 2,4G. -4 Botones. -DPI ajustable: 800 \/ 1200 \/ 1600 DPI. -Conexi\u00f3n USB. -Receptor USB. -Conexi\u00f3n \u201cPlug &amp; Play\u201d (no requiere instalaci\u00f3n de driver). -Rueda Scroll para navegaci\u00f3n sin scrollbars. -Agarre confortable. -Alimentaci\u00f3n: 2 pilas AAA (no incluidas). -Dimensiones: 11,1 x 6,2 x 3,5 cm. -Peso: 47g.<\/p>\n","protected":false},"excerpt":{"rendered":"<p>MOUSE OPTICO INALAMBRICO 2.4G KEM-698<\/p>\n","protected":false},"featured_media":3588,"comment_status":"open","ping_status":"closed","template":"","meta":{"_et_pb_use_builder":"","_et_pb_old_content":"","_et_gb_content_width":""},"product_brand":[],"product_cat":[46],"product_tag":[],"class_list":{"0":"post-3589","1":"product","2":"type-product","3":"status-publish","4":"has-post-thumbnail","6":"product_cat-tecnologia","8":"first","9":"instock","10":"shipping-taxable","11":"purchasable","12":"product-type-simple"},"_links":{"self":[{"href":"https:\/\/rubi.com.py\/index.php\/wp-json\/wp\/v2\/product\/3589","targetHints":{"allow":["GET"]}}],"collection":[{"href":"https:\/\/rubi.com.py\/index.php\/wp-json\/wp\/v2\/product"}],"about":[{"href":"https:\/\/rubi.com.py\/index.php\/wp-json\/wp\/v2\/types\/product"}],"replies":[{"embeddable":true,"href":"https:\/\/rubi.com.py\/index.php\/wp-json\/wp\/v2\/comments?post=3589"}],"wp:featuredmedia":[{"embeddable":true,"href":"https:\/\/rubi.com.py\/index.php\/wp-json\/wp\/v2\/media\/3588"}],"wp:attachment":[{"href":"https:\/\/rubi.com.py\/index.php\/wp-json\/wp\/v2\/media?parent=3589"}],"wp:term":[{"taxonomy":"product_brand","embeddable":true,"href":"https:\/\/rubi.com.py\/index.php\/wp-json\/wp\/v2\/product_brand?post=3589"},{"taxonomy":"product_cat","embeddable":true,"href":"https:\/\/rubi.com.py\/index.php\/wp-json\/wp\/v2\/product_cat?post=3589"},{"taxonomy":"product_tag","embeddable":true,"href":"https:\/\/rubi.com.py\/index.php\/wp-json\/wp\/v2\/product_tag?post=3589"}],"curies":[{"name":"wp","href":"https:\/\/api.w.org\/{rel}","templated":true}]}}