{"id":3591,"date":"2026-04-18T21:30:52","date_gmt":"2026-04-18T19:30:52","guid":{"rendered":"https:\/\/rubi.com.py\/index.php\/producto\/teclado-kolke-standard-en-espanol-ket-700\/"},"modified":"2026-04-18T21:32:10","modified_gmt":"2026-04-18T19:32:10","slug":"teclado-kolke-standard-en-espanol-ket-700","status":"publish","type":"product","link":"https:\/\/rubi.com.py\/index.php\/producto\/teclado-kolke-standard-en-espanol-ket-700\/","title":{"rendered":"TECLADO KOLKE STANDARD EN ESPA\u00d1OL KET-700"},"content":{"rendered":"<p>TECLADO KOLKE STANDARD EN ESPA\u00d1OL KET-700 Caracter\u00edsticas: -Teclado standard con cable de 105 teclas. -Teclado versi\u00f3n espa\u00f1ola. -Teclado completo, incluye teclado num\u00e9rico. -Gran sensaci\u00f3n al teclear. -Cable de 1,35 m. -Conexi\u00f3n USB. -Plug and Play. -Dimensiones: 44,5 x 14,5 x 2 cm. -Peso: 340g.<\/p>\n","protected":false},"excerpt":{"rendered":"<p>TECLADO KOLKE STANDARD EN ESPA\u00d1OL KET-700<\/p>\n","protected":false},"featured_media":3592,"comment_status":"open","ping_status":"closed","template":"","meta":{"_et_pb_use_builder":"","_et_pb_old_content":"","_et_gb_content_width":""},"product_brand":[],"product_cat":[46],"product_tag":[],"class_list":{"0":"post-3591","1":"product","2":"type-product","3":"status-publish","4":"has-post-thumbnail","6":"product_cat-tecnologia","8":"first","9":"instock","10":"shipping-taxable","11":"purchasable","12":"product-type-simple"},"_links":{"self":[{"href":"https:\/\/rubi.com.py\/index.php\/wp-json\/wp\/v2\/product\/3591","targetHints":{"allow":["GET"]}}],"collection":[{"href":"https:\/\/rubi.com.py\/index.php\/wp-json\/wp\/v2\/product"}],"about":[{"href":"https:\/\/rubi.com.py\/index.php\/wp-json\/wp\/v2\/types\/product"}],"replies":[{"embeddable":true,"href":"https:\/\/rubi.com.py\/index.php\/wp-json\/wp\/v2\/comments?post=3591"}],"wp:featuredmedia":[{"embeddable":true,"href":"https:\/\/rubi.com.py\/index.php\/wp-json\/wp\/v2\/media\/3592"}],"wp:attachment":[{"href":"https:\/\/rubi.com.py\/index.php\/wp-json\/wp\/v2\/media?parent=3591"}],"wp:term":[{"taxonomy":"product_brand","embeddable":true,"href":"https:\/\/rubi.com.py\/index.php\/wp-json\/wp\/v2\/product_brand?post=3591"},{"taxonomy":"product_cat","embeddable":true,"href":"https:\/\/rubi.com.py\/index.php\/wp-json\/wp\/v2\/product_cat?post=3591"},{"taxonomy":"product_tag","embeddable":true,"href":"https:\/\/rubi.com.py\/index.php\/wp-json\/wp\/v2\/product_tag?post=3591"}],"curies":[{"name":"wp","href":"https:\/\/api.w.org\/{rel}","templated":true}]}}