{"id":3596,"date":"2026-04-18T21:33:35","date_gmt":"2026-04-18T19:33:35","guid":{"rendered":"https:\/\/rubi.com.py\/index.php\/producto\/soporte-para-amoladora-nha-240\/"},"modified":"2026-04-18T21:33:35","modified_gmt":"2026-04-18T19:33:35","slug":"soporte-para-amoladora-nha-240","status":"publish","type":"product","link":"https:\/\/rubi.com.py\/index.php\/producto\/soporte-para-amoladora-nha-240\/","title":{"rendered":"SOPORTE PARA AMOLADORA NHA-240"},"content":{"rendered":"<p>SOPORTE PARA AMOLADORA NHA-240 Caracter\u00edsticas: -Permite realizar cortes rectos o en \u00e1ngulos. -Ajuste de \u00e1ngulo de corte en la base. -Admite amoladoras de todas las marcas desde 110 a 125mm. -Montaje f\u00e1cil y c\u00f3modo de la amoladora en el soporte. -Se puede fijar a la mesa. -El soporte tiene su propio protector, que ayuda a dirigir las virutas lejos de usted evitando posibles accidentes. -Materiales de alta calidad. -Dimensiones: 24 x 19 x 28 cm.<\/p>\n","protected":false},"excerpt":{"rendered":"<p>SOPORTE PARA AMOLADORA NHA-240<\/p>\n","protected":false},"featured_media":3595,"comment_status":"open","ping_status":"closed","template":"","meta":{"_et_pb_use_builder":"","_et_pb_old_content":"","_et_gb_content_width":""},"product_brand":[],"product_cat":[36,46],"product_tag":[],"class_list":{"0":"post-3596","1":"product","2":"type-product","3":"status-publish","4":"has-post-thumbnail","6":"product_cat-ferreteria","7":"product_cat-tecnologia","9":"first","10":"instock","11":"shipping-taxable","12":"purchasable","13":"product-type-simple"},"_links":{"self":[{"href":"https:\/\/rubi.com.py\/index.php\/wp-json\/wp\/v2\/product\/3596","targetHints":{"allow":["GET"]}}],"collection":[{"href":"https:\/\/rubi.com.py\/index.php\/wp-json\/wp\/v2\/product"}],"about":[{"href":"https:\/\/rubi.com.py\/index.php\/wp-json\/wp\/v2\/types\/product"}],"replies":[{"embeddable":true,"href":"https:\/\/rubi.com.py\/index.php\/wp-json\/wp\/v2\/comments?post=3596"}],"wp:featuredmedia":[{"embeddable":true,"href":"https:\/\/rubi.com.py\/index.php\/wp-json\/wp\/v2\/media\/3595"}],"wp:attachment":[{"href":"https:\/\/rubi.com.py\/index.php\/wp-json\/wp\/v2\/media?parent=3596"}],"wp:term":[{"taxonomy":"product_brand","embeddable":true,"href":"https:\/\/rubi.com.py\/index.php\/wp-json\/wp\/v2\/product_brand?post=3596"},{"taxonomy":"product_cat","embeddable":true,"href":"https:\/\/rubi.com.py\/index.php\/wp-json\/wp\/v2\/product_cat?post=3596"},{"taxonomy":"product_tag","embeddable":true,"href":"https:\/\/rubi.com.py\/index.php\/wp-json\/wp\/v2\/product_tag?post=3596"}],"curies":[{"name":"wp","href":"https:\/\/api.w.org\/{rel}","templated":true}]}}