{"id":3598,"date":"2026-04-18T21:34:02","date_gmt":"2026-04-18T19:34:02","guid":{"rendered":"https:\/\/rubi.com.py\/index.php\/producto\/freidora-digital-sin-aceite-crystal-nappo-5l-nef-239\/"},"modified":"2026-04-21T02:28:00","modified_gmt":"2026-04-21T00:28:00","slug":"freidora-digital-sin-aceite-crystal-nappo-5l-nef-239","status":"publish","type":"product","link":"https:\/\/rubi.com.py\/index.php\/producto\/freidora-digital-sin-aceite-crystal-nappo-5l-nef-239\/","title":{"rendered":"FREIDORA DIGITAL SIN ACEITE CRYSTAL NAPPO 5L NEF-239"},"content":{"rendered":"<p>FREIDORA DIGITAL SIN ACEITE CRYSTAL NAPPO 5L NEF-239 Caracter\u00edsticas: -Freidora sin aceite (de aire) Digital. -Capacidad: 5L. \u00b7 Potencia: 1350W. -Mejor visualizaci\u00f3n de los alimentos durante la cocci\u00f3n -Canasto de vidrio para una visualizaci\u00f3n 360\u00ba. -Panel t\u00e1ctil con pantalla. -7 funciones preestablecidas. -Temperatura ajustable de 80\u00ba a 200\u00baC. \u00b7 Timer ajustable hasta 60 minutos. -Temporizador hasta 24hs. -Incluye: Pinza met\u00e1lica.<\/p>\n","protected":false},"excerpt":{"rendered":"<p>FREIDORA DIGITAL SIN ACEITE CRYSTAL NAPPO 5L NEF-239<\/p>\n","protected":false},"featured_media":4714,"comment_status":"open","ping_status":"closed","template":"","meta":{"_et_pb_use_builder":"","_et_pb_old_content":"","_et_gb_content_width":""},"product_brand":[],"product_cat":[33,47],"product_tag":[],"class_list":{"0":"post-3598","1":"product","2":"type-product","3":"status-publish","4":"has-post-thumbnail","6":"product_cat-cocina-y-comedor","7":"product_cat-destacados","9":"first","10":"instock","11":"sale","12":"shipping-taxable","13":"purchasable","14":"product-type-simple"},"_links":{"self":[{"href":"https:\/\/rubi.com.py\/index.php\/wp-json\/wp\/v2\/product\/3598","targetHints":{"allow":["GET"]}}],"collection":[{"href":"https:\/\/rubi.com.py\/index.php\/wp-json\/wp\/v2\/product"}],"about":[{"href":"https:\/\/rubi.com.py\/index.php\/wp-json\/wp\/v2\/types\/product"}],"replies":[{"embeddable":true,"href":"https:\/\/rubi.com.py\/index.php\/wp-json\/wp\/v2\/comments?post=3598"}],"wp:featuredmedia":[{"embeddable":true,"href":"https:\/\/rubi.com.py\/index.php\/wp-json\/wp\/v2\/media\/4714"}],"wp:attachment":[{"href":"https:\/\/rubi.com.py\/index.php\/wp-json\/wp\/v2\/media?parent=3598"}],"wp:term":[{"taxonomy":"product_brand","embeddable":true,"href":"https:\/\/rubi.com.py\/index.php\/wp-json\/wp\/v2\/product_brand?post=3598"},{"taxonomy":"product_cat","embeddable":true,"href":"https:\/\/rubi.com.py\/index.php\/wp-json\/wp\/v2\/product_cat?post=3598"},{"taxonomy":"product_tag","embeddable":true,"href":"https:\/\/rubi.com.py\/index.php\/wp-json\/wp\/v2\/product_tag?post=3598"}],"curies":[{"name":"wp","href":"https:\/\/api.w.org\/{rel}","templated":true}]}}