{"id":3601,"date":"2026-04-18T21:34:42","date_gmt":"2026-04-18T19:34:42","guid":{"rendered":"https:\/\/rubi.com.py\/index.php\/producto\/parlante-inalambrico-kolke-doble-8-vibes-kpb-702\/"},"modified":"2026-04-18T21:34:49","modified_gmt":"2026-04-18T19:34:49","slug":"parlante-inalambrico-kolke-doble-8-vibes-kpb-702","status":"publish","type":"product","link":"https:\/\/rubi.com.py\/index.php\/producto\/parlante-inalambrico-kolke-doble-8-vibes-kpb-702\/","title":{"rendered":"PARLANTE INALAMBRICO KOLKE DOBLE 8&#8243; VIBES KPB-702"},"content":{"rendered":"<p>PARLANTE INALAMBRICO KOLKE DOBLE 8&#8243; VIBES KPB-702 Caracter\u00edsticas: -Woofer: 8\u201d x 2. -Potencia: 550W | 14.000W PMPO. -Bater\u00eda recargable de 2400mAh, 3.7V. -Conexi\u00f3n inal\u00e1mbrica V5.0. -Rango de operaci\u00f3n: 10m. -Conexi\u00f3n: USB, Micro SD, Audio 3.5mm, Mic 6.35mm. -Radio FM. -Display Led. -Portable: Manija. -Alimentaci\u00f3n: 5V, 1A. -Incluye: Micr\u00f3fono con cable, Control remoto y Cable de carga. -Dimensiones: 26 x 21,5 x 63,5 cm.<\/p>\n","protected":false},"excerpt":{"rendered":"<p>PARLANTE INALAMBRICO KOLKE DOBLE 8&#8243; VIBES KPB-702<\/p>\n","protected":false},"featured_media":3602,"comment_status":"open","ping_status":"closed","template":"","meta":{"_et_pb_use_builder":"","_et_pb_old_content":"","_et_gb_content_width":""},"product_brand":[],"product_cat":[46],"product_tag":[],"class_list":{"0":"post-3601","1":"product","2":"type-product","3":"status-publish","4":"has-post-thumbnail","6":"product_cat-tecnologia","8":"first","9":"instock","10":"shipping-taxable","11":"purchasable","12":"product-type-simple"},"_links":{"self":[{"href":"https:\/\/rubi.com.py\/index.php\/wp-json\/wp\/v2\/product\/3601","targetHints":{"allow":["GET"]}}],"collection":[{"href":"https:\/\/rubi.com.py\/index.php\/wp-json\/wp\/v2\/product"}],"about":[{"href":"https:\/\/rubi.com.py\/index.php\/wp-json\/wp\/v2\/types\/product"}],"replies":[{"embeddable":true,"href":"https:\/\/rubi.com.py\/index.php\/wp-json\/wp\/v2\/comments?post=3601"}],"wp:featuredmedia":[{"embeddable":true,"href":"https:\/\/rubi.com.py\/index.php\/wp-json\/wp\/v2\/media\/3602"}],"wp:attachment":[{"href":"https:\/\/rubi.com.py\/index.php\/wp-json\/wp\/v2\/media?parent=3601"}],"wp:term":[{"taxonomy":"product_brand","embeddable":true,"href":"https:\/\/rubi.com.py\/index.php\/wp-json\/wp\/v2\/product_brand?post=3601"},{"taxonomy":"product_cat","embeddable":true,"href":"https:\/\/rubi.com.py\/index.php\/wp-json\/wp\/v2\/product_cat?post=3601"},{"taxonomy":"product_tag","embeddable":true,"href":"https:\/\/rubi.com.py\/index.php\/wp-json\/wp\/v2\/product_tag?post=3601"}],"curies":[{"name":"wp","href":"https:\/\/api.w.org\/{rel}","templated":true}]}}