{"id":3630,"date":"2026-04-18T21:41:27","date_gmt":"2026-04-18T19:41:27","guid":{"rendered":"https:\/\/rubi.com.py\/index.php\/producto\/mochila-casual-explorer-kvm-691-negra\/"},"modified":"2026-04-18T21:41:27","modified_gmt":"2026-04-18T19:41:27","slug":"mochila-casual-explorer-kvm-691-negra","status":"publish","type":"product","link":"https:\/\/rubi.com.py\/index.php\/producto\/mochila-casual-explorer-kvm-691-negra\/","title":{"rendered":"MOCHILA CASUAL EXPLORER KVM-691 NEGRA"},"content":{"rendered":"<p>MOCHILA CASUAL EXPLORER KVM-691 NEGRA Caracter\u00edsticas: -Mochila multifuncional. -C\u00f3moda y pr\u00e1ctica. -Dise\u00f1o moderno y sofisticado. -Dise\u00f1ada con gran capacidad. -Waterproof. -Espacio para trasladar notebook de hasta 15,6\u201d.<\/p>\n","protected":false},"excerpt":{"rendered":"<p>MOCHILA CASUAL EXPLORER KVM-691 NEGRA<\/p>\n","protected":false},"featured_media":3629,"comment_status":"open","ping_status":"closed","template":"","meta":{"_et_pb_use_builder":"","_et_pb_old_content":"","_et_gb_content_width":""},"product_brand":[],"product_cat":[46],"product_tag":[],"class_list":{"0":"post-3630","1":"product","2":"type-product","3":"status-publish","4":"has-post-thumbnail","6":"product_cat-tecnologia","8":"first","9":"instock","10":"shipping-taxable","11":"purchasable","12":"product-type-simple"},"_links":{"self":[{"href":"https:\/\/rubi.com.py\/index.php\/wp-json\/wp\/v2\/product\/3630","targetHints":{"allow":["GET"]}}],"collection":[{"href":"https:\/\/rubi.com.py\/index.php\/wp-json\/wp\/v2\/product"}],"about":[{"href":"https:\/\/rubi.com.py\/index.php\/wp-json\/wp\/v2\/types\/product"}],"replies":[{"embeddable":true,"href":"https:\/\/rubi.com.py\/index.php\/wp-json\/wp\/v2\/comments?post=3630"}],"wp:featuredmedia":[{"embeddable":true,"href":"https:\/\/rubi.com.py\/index.php\/wp-json\/wp\/v2\/media\/3629"}],"wp:attachment":[{"href":"https:\/\/rubi.com.py\/index.php\/wp-json\/wp\/v2\/media?parent=3630"}],"wp:term":[{"taxonomy":"product_brand","embeddable":true,"href":"https:\/\/rubi.com.py\/index.php\/wp-json\/wp\/v2\/product_brand?post=3630"},{"taxonomy":"product_cat","embeddable":true,"href":"https:\/\/rubi.com.py\/index.php\/wp-json\/wp\/v2\/product_cat?post=3630"},{"taxonomy":"product_tag","embeddable":true,"href":"https:\/\/rubi.com.py\/index.php\/wp-json\/wp\/v2\/product_tag?post=3630"}],"curies":[{"name":"wp","href":"https:\/\/api.w.org\/{rel}","templated":true}]}}