{"id":3639,"date":"2026-04-18T21:43:19","date_gmt":"2026-04-18T19:43:19","guid":{"rendered":"https:\/\/rubi.com.py\/index.php\/producto\/mochila-anti-robo-journey-kvm-654-petroleo\/"},"modified":"2026-04-18T21:43:19","modified_gmt":"2026-04-18T19:43:19","slug":"mochila-anti-robo-journey-kvm-654-petroleo","status":"publish","type":"product","link":"https:\/\/rubi.com.py\/index.php\/producto\/mochila-anti-robo-journey-kvm-654-petroleo\/","title":{"rendered":"MOCHILA ANTI-ROBO JOURNEY KVM-654 PETROLEO"},"content":{"rendered":"<p>MOCHILA ANTI-ROBO JOURNEY KVM-654 PETROLEO Caracter\u00edsticas: -Seguridad Anti-robo: Bolsillo con cierre antirrobo en la parte posterior. -Waterproof (resistente al agua). -Puerto exterior USB de carga. -Dos compartimentos principales y dos espec\u00edficos para laptops o equipos electr\u00f3nicos. -Se adapta a la mayor\u00eda de port\u00e1tiles de 17&#8243;. -Compartimento h\u00famedo impermeable. -Compartimento separado para zapatos.<\/p>\n","protected":false},"excerpt":{"rendered":"<p>MOCHILA ANTI-ROBO JOURNEY KVM-654 PETROLEO<\/p>\n","protected":false},"featured_media":0,"comment_status":"open","ping_status":"closed","template":"","meta":{"_et_pb_use_builder":"","_et_pb_old_content":"","_et_gb_content_width":""},"product_brand":[],"product_cat":[46],"product_tag":[],"class_list":{"0":"post-3639","1":"product","2":"type-product","3":"status-publish","5":"product_cat-tecnologia","7":"first","8":"instock","9":"shipping-taxable","10":"purchasable","11":"product-type-simple"},"_links":{"self":[{"href":"https:\/\/rubi.com.py\/index.php\/wp-json\/wp\/v2\/product\/3639","targetHints":{"allow":["GET"]}}],"collection":[{"href":"https:\/\/rubi.com.py\/index.php\/wp-json\/wp\/v2\/product"}],"about":[{"href":"https:\/\/rubi.com.py\/index.php\/wp-json\/wp\/v2\/types\/product"}],"replies":[{"embeddable":true,"href":"https:\/\/rubi.com.py\/index.php\/wp-json\/wp\/v2\/comments?post=3639"}],"wp:attachment":[{"href":"https:\/\/rubi.com.py\/index.php\/wp-json\/wp\/v2\/media?parent=3639"}],"wp:term":[{"taxonomy":"product_brand","embeddable":true,"href":"https:\/\/rubi.com.py\/index.php\/wp-json\/wp\/v2\/product_brand?post=3639"},{"taxonomy":"product_cat","embeddable":true,"href":"https:\/\/rubi.com.py\/index.php\/wp-json\/wp\/v2\/product_cat?post=3639"},{"taxonomy":"product_tag","embeddable":true,"href":"https:\/\/rubi.com.py\/index.php\/wp-json\/wp\/v2\/product_tag?post=3639"}],"curies":[{"name":"wp","href":"https:\/\/api.w.org\/{rel}","templated":true}]}}