{"id":3653,"date":"2026-04-18T21:48:56","date_gmt":"2026-04-18T19:48:56","guid":{"rendered":"https:\/\/rubi.com.py\/index.php\/producto\/set-de-reposteria-croix-de-291pcs-cmu-023\/"},"modified":"2026-04-18T21:48:56","modified_gmt":"2026-04-18T19:48:56","slug":"set-de-reposteria-croix-de-291pcs-cmu-023","status":"publish","type":"product","link":"https:\/\/rubi.com.py\/index.php\/producto\/set-de-reposteria-croix-de-291pcs-cmu-023\/","title":{"rendered":"SET DE REPOSTER\u00cdA CROIX DE 291PCS CMU-023"},"content":{"rendered":"<p>SET DE REPOSTER\u00cdA CROIX DE 291PCS CMU-023 Caracter\u00edsticas: El set incluye 291 piezas: Plato giratorio para tortas antideslizante, Base para torta, Cortador de niveles de tortas, 48 Boquillas de glaseado peque\u00f1as, 8 Boquillas de glaseado rusas, 2 Acopladores, Acoplador ruso, 3 mangas de pasteler\u00eda reutilizablesde TPU, 100 mangas de pasteler\u00eda desechables, 5 lazos para bolsas de silicona, 3 Raspadores celestes, Esp\u00e1tula recta de glaseado, Esp\u00e1tula en \u00e1ngulo de glaseado, Pincel de silicona, Esp\u00e1tula de silicona azul, Alisador de fondant, Clavo de flor para torta, Tijera de flores para torta, Pistola de decoraci\u00f3n, L\u00e1piz jeringa de silicona, Pala para servir torta, Molde de silicona para chocolate, 6 Molde para Muffins\/Magdalenas de silicona, 100 Pirotines para Muffins\/Magdalenas desechable, Tabla gu\u00eda de patrones, Cepillo de limpieza. \u00b7 Materiales seguros de grado alimenticio: silicona, acero inoxidable y PP.<\/p>\n","protected":false},"excerpt":{"rendered":"<p>SET DE REPOSTER\u00cdA CROIX DE 291PCS CMU-023<\/p>\n","protected":false},"featured_media":3652,"comment_status":"open","ping_status":"closed","template":"","meta":{"_et_pb_use_builder":"","_et_pb_old_content":"","_et_gb_content_width":""},"product_brand":[],"product_cat":[33],"product_tag":[],"class_list":{"0":"post-3653","1":"product","2":"type-product","3":"status-publish","4":"has-post-thumbnail","6":"product_cat-cocina-y-comedor","8":"first","9":"instock","10":"shipping-taxable","11":"purchasable","12":"product-type-simple"},"_links":{"self":[{"href":"https:\/\/rubi.com.py\/index.php\/wp-json\/wp\/v2\/product\/3653","targetHints":{"allow":["GET"]}}],"collection":[{"href":"https:\/\/rubi.com.py\/index.php\/wp-json\/wp\/v2\/product"}],"about":[{"href":"https:\/\/rubi.com.py\/index.php\/wp-json\/wp\/v2\/types\/product"}],"replies":[{"embeddable":true,"href":"https:\/\/rubi.com.py\/index.php\/wp-json\/wp\/v2\/comments?post=3653"}],"wp:featuredmedia":[{"embeddable":true,"href":"https:\/\/rubi.com.py\/index.php\/wp-json\/wp\/v2\/media\/3652"}],"wp:attachment":[{"href":"https:\/\/rubi.com.py\/index.php\/wp-json\/wp\/v2\/media?parent=3653"}],"wp:term":[{"taxonomy":"product_brand","embeddable":true,"href":"https:\/\/rubi.com.py\/index.php\/wp-json\/wp\/v2\/product_brand?post=3653"},{"taxonomy":"product_cat","embeddable":true,"href":"https:\/\/rubi.com.py\/index.php\/wp-json\/wp\/v2\/product_cat?post=3653"},{"taxonomy":"product_tag","embeddable":true,"href":"https:\/\/rubi.com.py\/index.php\/wp-json\/wp\/v2\/product_tag?post=3653"}],"curies":[{"name":"wp","href":"https:\/\/api.w.org\/{rel}","templated":true}]}}