{"id":3655,"date":"2026-04-18T21:49:16","date_gmt":"2026-04-18T19:49:16","guid":{"rendered":"https:\/\/rubi.com.py\/index.php\/producto\/set-de-pasteleria-tortas-croix-de-512pcs-cmu-024\/"},"modified":"2026-04-18T21:49:16","modified_gmt":"2026-04-18T19:49:16","slug":"set-de-pasteleria-tortas-croix-de-512pcs-cmu-024","status":"publish","type":"product","link":"https:\/\/rubi.com.py\/index.php\/producto\/set-de-pasteleria-tortas-croix-de-512pcs-cmu-024\/","title":{"rendered":"SET DE PASTELER\u00cdA \/ TORTAS CROIX DE 512PCS CMU-024"},"content":{"rendered":"<p>SET DE PASTELER\u00cdA \/ TORTAS CROIX DE 512PCS CMU-024 Caracter\u00edsticas: El set incluye 512 piezas: Plato giratorio para tortas antideslizante, Cortador de niveles de tortas, 48 Boquillas de glaseado peque\u00f1as, 7 Boquillas de glaseado rusas, 2 Acopladores, 2 Acopladores ruso, 2 mangas de pasteler\u00eda reutilizablesde TPU, 100 mangas de pasteler\u00eda desechables, 2 lazos para bolsas de silicona, 3 Raspadores rosados, Esp\u00e1tula recta de glaseado, Esp\u00e1tula en \u00e1ngulo de glaseado, Pincel de silicona, Esp\u00e1tula de silicona rosada, Alisador de fondant, 9 Herramientas para tallados de fondant, Clavo de flor para torta, Tijera de flores para torta, 50 unidades Decoraciones para torta, Pala para servir torta, Molde para torta con forma de coraz\u00f3n de 4&#8243;, Molde para torta redondo de 7&#8243;, Molde para torta redondo de 9&#8243;, 6 Molde para Muffins\/Magdalenas de silicona, 200 Pirotines para Muffins\/Magdalenas desechable, 30 unidades Papel para hornear blanco, 30 unidades Papel para hornear blanco, Separador de clara y yema de huevo, Tamiz\/Cernidor de harina, Batidor, Molde de silicona para chocolate, Cuchillo para pan, Cepillo de limpieza, Limpiador de silicona rosado, Tabla gu\u00eda de patrones, Caja de pl\u00e1stico.\u00b7 Materiales de seguridad de alta calidad: acero inoxidable 304, silicona y pl\u00e1stico.<\/p>\n","protected":false},"excerpt":{"rendered":"<p>SET DE PASTELER\u00cdA \/ TORTAS CROIX DE 512PCS CMU-024<\/p>\n","protected":false},"featured_media":3654,"comment_status":"open","ping_status":"closed","template":"","meta":{"_et_pb_use_builder":"","_et_pb_old_content":"","_et_gb_content_width":""},"product_brand":[],"product_cat":[33],"product_tag":[],"class_list":{"0":"post-3655","1":"product","2":"type-product","3":"status-publish","4":"has-post-thumbnail","6":"product_cat-cocina-y-comedor","8":"first","9":"instock","10":"shipping-taxable","11":"purchasable","12":"product-type-simple"},"_links":{"self":[{"href":"https:\/\/rubi.com.py\/index.php\/wp-json\/wp\/v2\/product\/3655","targetHints":{"allow":["GET"]}}],"collection":[{"href":"https:\/\/rubi.com.py\/index.php\/wp-json\/wp\/v2\/product"}],"about":[{"href":"https:\/\/rubi.com.py\/index.php\/wp-json\/wp\/v2\/types\/product"}],"replies":[{"embeddable":true,"href":"https:\/\/rubi.com.py\/index.php\/wp-json\/wp\/v2\/comments?post=3655"}],"wp:featuredmedia":[{"embeddable":true,"href":"https:\/\/rubi.com.py\/index.php\/wp-json\/wp\/v2\/media\/3654"}],"wp:attachment":[{"href":"https:\/\/rubi.com.py\/index.php\/wp-json\/wp\/v2\/media?parent=3655"}],"wp:term":[{"taxonomy":"product_brand","embeddable":true,"href":"https:\/\/rubi.com.py\/index.php\/wp-json\/wp\/v2\/product_brand?post=3655"},{"taxonomy":"product_cat","embeddable":true,"href":"https:\/\/rubi.com.py\/index.php\/wp-json\/wp\/v2\/product_cat?post=3655"},{"taxonomy":"product_tag","embeddable":true,"href":"https:\/\/rubi.com.py\/index.php\/wp-json\/wp\/v2\/product_tag?post=3655"}],"curies":[{"name":"wp","href":"https:\/\/api.w.org\/{rel}","templated":true}]}}